{"id":2832,"date":"2025-05-05T23:39:12","date_gmt":"2025-05-05T21:39:12","guid":{"rendered":"https:\/\/new.bodegalaus.es\/en\/?page_id=2832"},"modified":"2025-05-05T23:40:41","modified_gmt":"2025-05-05T21:40:41","slug":"cookies","status":"publish","type":"page","link":"https:\/\/www.bodegalaus.es\/en\/cookies\/","title":{"rendered":"Cookies"},"content":{"rendered":"\t\t<div data-elementor-type=\"wp-page\" data-elementor-id=\"2832\" class=\"elementor elementor-2832\" data-elementor-post-type=\"page\">\n\t\t\t\t<div class=\"elementor-element elementor-element-c9123e e-flex e-con-boxed e-con e-parent\" data-id=\"c9123e\" data-element_type=\"container\" data-e-type=\"container\" data-settings=\"{&quot;background_background&quot;:&quot;classic&quot;}\">\n\t\t\t\t\t<div class=\"e-con-inner\">\n\t\t\t\t<div class=\"elementor-element elementor-element-024d968 elementor-widget elementor-widget-heading\" data-id=\"024d968\" data-element_type=\"widget\" data-e-type=\"widget\" data-widget_type=\"heading.default\">\n\t\t\t\t\t<h1 class=\"elementor-heading-title elementor-size-default\">Cookies<\/h1>\t\t\t\t<\/div>\n\t\t\t\t<div class=\"elementor-element elementor-element-3b5cb724 elementor-widget elementor-widget-text-editor\" data-id=\"3b5cb724\" data-element_type=\"widget\" data-e-type=\"widget\" data-widget_type=\"text-editor.default\">\n\t\t\t\t\t\t\t\t\t<h2><b>\u00bfQu\u00e9 son las cookies?<\/b><\/h2>\n<p class=\"\">Una cookie es un fichero que se descarga en su ordenador (o el dispositivo que utilice: smartphon, tablet, etc.) al acceder a determinadas p\u00e1ginas web. Las cookies permiten a una p\u00e1gina web, entre otras cosas, almacenar y recuperar informaci\u00f3n sobre los h\u00e1bitos y preferencias de navegaci\u00f3n de un usuario o de su equipo y, dependiendo de la informaci\u00f3n que contengan y de la forma en que utilice su equipo, pueden utilizarse para reconocer al usuario.<\/p>\n<h2><b>\u00bfQu\u00e9 tipos de cookies utiliza esta p\u00e1gina web?<\/b><\/h2>\n<p class=\"\"><strong>Cookies de an\u00e1lisis.<\/strong> Son aqu\u00e9llas que bien tratadas por nosotros o por terceros, nos permiten cuantificar el n\u00famero de usuarios y as\u00ed realizar la medici\u00f3n y an\u00e1lisis estad\u00edstico de la utilizaci\u00f3n que hacen los usuarios del servicio ofertado. Para ello se analiza su navegaci\u00f3n en nuestra p\u00e1gina web con el fin de mejorar la oferta de productos o servicios que le ofrecemos. Para este cometido utilizamos las cookies del servicio de Google Analytics y facebook.<\/p>\n<p class=\"\"><strong>Cookies t\u00e9cnicas.<\/strong>\u00a0Son necesarias para la prestaci\u00f3n de determinados servicios solicitados expresamente por el usuario como acceso a zonas privadas, informaci\u00f3n de sesi\u00f3n, etc. Sin estas cookies no se podr\u00e1n ofrecer correctamente los servicios solicitados.<\/p>\n<h2><b>\u00bfC\u00f3mo deshabilitar las Cookies?<\/b><\/h2>\n<p class=\"\">Usted puede permitir, bloquear o eliminar las cookies instaladas en su equipo mediante la configuraci\u00f3n de las opciones o preferencias del navegador utilizado para acceder a la web. A continuaci\u00f3n le mostramos d\u00f3nde puede encontrar m\u00e1s informaci\u00f3n sobre los principales navegadores:<\/p>\n<p>\u00a0<\/p>\n<p>Google Chrome. Para m\u00e1s informaci\u00f3n\u00a0<a class=\"sinlinea\" href=\"https:\/\/support.google.com\/chrome\/answer\/95647?hl=es\" target=\"_blank\" rel=\"noopener\">pulse aqu\u00ed<\/a><\/p>\n<p>Mozilla Firefox. Para m\u00e1s informaci\u00f3n\u00a0<a class=\"sinlinea\" href=\"https:\/\/support.mozilla.org\/t5\/Cookies-y-cach%C3%A9\/Cookies-informaci%C3%B3n-que-los-sitios-web-guardan-en-tu-equipo\/ta-p\/15851?redirectlocale=en-US&amp;redirectslug=Cookies\" target=\"_blank\" rel=\"noopener\">pulse aqu\u00ed<\/a><\/p>\n<p>Internet Explorer. Para m\u00e1s informaci\u00f3n\u00a0<a class=\"sinlinea\" href=\"http:\/\/windows.microsoft.com\/es-es\/internet-explorer\/delete-manage-cookies\" target=\"_blank\" rel=\"noopener\">pulse aqu\u00ed<\/a><\/p>\n<p>Safari. Para m\u00e1s informaci\u00f3n\u00a0<a class=\"sinlinea\" href=\"https:\/\/support.apple.com\/es-es\/HT201265\" target=\"_blank\" rel=\"noopener\">pulse aqu\u00ed<\/a><\/p>\t\t\t\t\t\t\t\t<\/div>\n\t\t\t\t\t<\/div>\n\t\t\t\t<\/div>\n\t\t\t\t<\/div>\n\t\t","protected":false},"excerpt":{"rendered":"<p>\u00bfQu\u00e9 son las cookies? Una cookie es un fichero que se descarga en su ordenador (o el dispositivo que utilice: smartphon, tablet, etc.) al acceder a determinadas p\u00e1ginas web. Las cookies permiten a una p\u00e1gina web, entre otras cosas, almacenar y recuperar informaci\u00f3n sobre los h\u00e1bitos y preferencias de navegaci\u00f3n de un usuario o de [&hellip;]<\/p>\n","protected":false},"author":1,"featured_media":0,"parent":0,"menu_order":0,"comment_status":"closed","ping_status":"closed","template":"elementor_header_footer","meta":{"footnotes":""},"tags":[],"class_list":["post-2832","page","type-page","status-publish","hentry"],"yoast_head":"<!-- This site is optimized with the Yoast SEO plugin v27.4 - https:\/\/yoast.com\/product\/yoast-seo-wordpress\/ -->\n<title>Cookies - en<\/title>\n<meta name=\"robots\" content=\"index, follow, max-snippet:-1, max-image-preview:large, max-video-preview:-1\" \/>\n<link rel=\"canonical\" href=\"https:\/\/www.bodegalaus.es\/en\/cookies\/\" \/>\n<meta property=\"og:locale\" content=\"es_ES\" \/>\n<meta property=\"og:type\" content=\"article\" \/>\n<meta property=\"og:title\" content=\"Cookies - en\" \/>\n<meta property=\"og:description\" content=\"\u00bfQu\u00e9 son las cookies? Una cookie es un fichero que se descarga en su ordenador (o el dispositivo que utilice: smartphon, tablet, etc.) al acceder a determinadas p\u00e1ginas web. Las cookies permiten a una p\u00e1gina web, entre otras cosas, almacenar y recuperar informaci\u00f3n sobre los h\u00e1bitos y preferencias de navegaci\u00f3n de un usuario o de [&hellip;]\" \/>\n<meta property=\"og:url\" content=\"https:\/\/www.bodegalaus.es\/en\/cookies\/\" \/>\n<meta property=\"og:site_name\" content=\"en\" \/>\n<meta property=\"article:modified_time\" content=\"2025-05-05T21:40:41+00:00\" \/>\n<meta name=\"twitter:card\" content=\"summary_large_image\" \/>\n<meta name=\"twitter:label1\" content=\"Tiempo de lectura\" \/>\n\t<meta name=\"twitter:data1\" content=\"2 minutos\" \/>\n<script type=\"application\/ld+json\" class=\"yoast-schema-graph\">{\"@context\":\"https:\\\/\\\/schema.org\",\"@graph\":[{\"@type\":\"WebPage\",\"@id\":\"https:\\\/\\\/www.bodegalaus.es\\\/en\\\/cookies\\\/\",\"url\":\"https:\\\/\\\/www.bodegalaus.es\\\/en\\\/cookies\\\/\",\"name\":\"Cookies - en\",\"isPartOf\":{\"@id\":\"https:\\\/\\\/www.bodegalaus.es\\\/en\\\/#website\"},\"datePublished\":\"2025-05-05T21:39:12+00:00\",\"dateModified\":\"2025-05-05T21:40:41+00:00\",\"breadcrumb\":{\"@id\":\"https:\\\/\\\/www.bodegalaus.es\\\/en\\\/cookies\\\/#breadcrumb\"},\"inLanguage\":\"es\",\"potentialAction\":[{\"@type\":\"ReadAction\",\"target\":[\"https:\\\/\\\/www.bodegalaus.es\\\/en\\\/cookies\\\/\"]}]},{\"@type\":\"BreadcrumbList\",\"@id\":\"https:\\\/\\\/www.bodegalaus.es\\\/en\\\/cookies\\\/#breadcrumb\",\"itemListElement\":[{\"@type\":\"ListItem\",\"position\":1,\"name\":\"Portada\",\"item\":\"https:\\\/\\\/www.bodegalaus.es\\\/en\\\/\"},{\"@type\":\"ListItem\",\"position\":2,\"name\":\"Cookies\"}]},{\"@type\":\"WebSite\",\"@id\":\"https:\\\/\\\/www.bodegalaus.es\\\/en\\\/#website\",\"url\":\"https:\\\/\\\/www.bodegalaus.es\\\/en\\\/\",\"name\":\"en\",\"description\":\"\",\"potentialAction\":[{\"@type\":\"SearchAction\",\"target\":{\"@type\":\"EntryPoint\",\"urlTemplate\":\"https:\\\/\\\/www.bodegalaus.es\\\/en\\\/?s={search_term_string}\"},\"query-input\":{\"@type\":\"PropertyValueSpecification\",\"valueRequired\":true,\"valueName\":\"search_term_string\"}}],\"inLanguage\":\"es\"}]}<\/script>\n<!-- \/ Yoast SEO plugin. -->","yoast_head_json":{"title":"Cookies - en","robots":{"index":"index","follow":"follow","max-snippet":"max-snippet:-1","max-image-preview":"max-image-preview:large","max-video-preview":"max-video-preview:-1"},"canonical":"https:\/\/www.bodegalaus.es\/en\/cookies\/","og_locale":"es_ES","og_type":"article","og_title":"Cookies - en","og_description":"\u00bfQu\u00e9 son las cookies? Una cookie es un fichero que se descarga en su ordenador (o el dispositivo que utilice: smartphon, tablet, etc.) al acceder a determinadas p\u00e1ginas web. Las cookies permiten a una p\u00e1gina web, entre otras cosas, almacenar y recuperar informaci\u00f3n sobre los h\u00e1bitos y preferencias de navegaci\u00f3n de un usuario o de [&hellip;]","og_url":"https:\/\/www.bodegalaus.es\/en\/cookies\/","og_site_name":"en","article_modified_time":"2025-05-05T21:40:41+00:00","twitter_card":"summary_large_image","twitter_misc":{"Tiempo de lectura":"2 minutos"},"schema":{"@context":"https:\/\/schema.org","@graph":[{"@type":"WebPage","@id":"https:\/\/www.bodegalaus.es\/en\/cookies\/","url":"https:\/\/www.bodegalaus.es\/en\/cookies\/","name":"Cookies - en","isPartOf":{"@id":"https:\/\/www.bodegalaus.es\/en\/#website"},"datePublished":"2025-05-05T21:39:12+00:00","dateModified":"2025-05-05T21:40:41+00:00","breadcrumb":{"@id":"https:\/\/www.bodegalaus.es\/en\/cookies\/#breadcrumb"},"inLanguage":"es","potentialAction":[{"@type":"ReadAction","target":["https:\/\/www.bodegalaus.es\/en\/cookies\/"]}]},{"@type":"BreadcrumbList","@id":"https:\/\/www.bodegalaus.es\/en\/cookies\/#breadcrumb","itemListElement":[{"@type":"ListItem","position":1,"name":"Portada","item":"https:\/\/www.bodegalaus.es\/en\/"},{"@type":"ListItem","position":2,"name":"Cookies"}]},{"@type":"WebSite","@id":"https:\/\/www.bodegalaus.es\/en\/#website","url":"https:\/\/www.bodegalaus.es\/en\/","name":"en","description":"","potentialAction":[{"@type":"SearchAction","target":{"@type":"EntryPoint","urlTemplate":"https:\/\/www.bodegalaus.es\/en\/?s={search_term_string}"},"query-input":{"@type":"PropertyValueSpecification","valueRequired":true,"valueName":"search_term_string"}}],"inLanguage":"es"}]}},"_links":{"self":[{"href":"https:\/\/www.bodegalaus.es\/en\/wp-json\/wp\/v2\/pages\/2832","targetHints":{"allow":["GET"]}}],"collection":[{"href":"https:\/\/www.bodegalaus.es\/en\/wp-json\/wp\/v2\/pages"}],"about":[{"href":"https:\/\/www.bodegalaus.es\/en\/wp-json\/wp\/v2\/types\/page"}],"author":[{"embeddable":true,"href":"https:\/\/www.bodegalaus.es\/en\/wp-json\/wp\/v2\/users\/1"}],"replies":[{"embeddable":true,"href":"https:\/\/www.bodegalaus.es\/en\/wp-json\/wp\/v2\/comments?post=2832"}],"version-history":[{"count":4,"href":"https:\/\/www.bodegalaus.es\/en\/wp-json\/wp\/v2\/pages\/2832\/revisions"}],"predecessor-version":[{"id":2836,"href":"https:\/\/www.bodegalaus.es\/en\/wp-json\/wp\/v2\/pages\/2832\/revisions\/2836"}],"wp:attachment":[{"href":"https:\/\/www.bodegalaus.es\/en\/wp-json\/wp\/v2\/media?parent=2832"}],"wp:term":[{"taxonomy":"post_tag","embeddable":true,"href":"https:\/\/www.bodegalaus.es\/en\/wp-json\/wp\/v2\/tags?post=2832"}],"curies":[{"name":"wp","href":"https:\/\/api.w.org\/{rel}","templated":true}]}}