{"id":1111,"date":"2025-02-20T10:37:45","date_gmt":"2025-02-20T09:37:45","guid":{"rendered":"https:\/\/new.bodegalaus.es\/fr\/carrito\/"},"modified":"2025-04-02T14:08:26","modified_gmt":"2025-04-02T12:08:26","slug":"carrito","status":"publish","type":"page","link":"https:\/\/www.bodegalaus.es\/fr\/carrito\/","title":{"rendered":"Carrito"},"content":{"rendered":"\t\t<div data-elementor-type=\"wp-page\" data-elementor-id=\"1111\" class=\"elementor elementor-1111\" data-elementor-post-type=\"page\">\n\t\t\t\t<div class=\"elementor-element elementor-element-0f84e85 e-con-full e-flex e-con e-parent\" data-id=\"0f84e85\" data-element_type=\"container\" data-e-type=\"container\">\n\t\t\t\t<div class=\"elementor-element elementor-element-d746f45 elementor-widget elementor-widget-heading\" data-id=\"d746f45\" data-element_type=\"widget\" data-e-type=\"widget\" data-widget_type=\"heading.default\">\n\t\t\t\t\t<h1 class=\"elementor-heading-title elementor-size-default\">Carrito<\/h1>\t\t\t\t<\/div>\n\t\t\t\t<\/div>\n\t\t\t\t<\/div>\n\t\t","protected":false},"excerpt":{"rendered":"<p>Carrito Eliminar art\u00edculo Imagen en miniatura Producto Precio Cantidad Subtotal &times; Crea tu caja LAUSEdit selections 30,60&euro; Crea tu caja LAUS cantidad 91,80&euro; LAUS Tinto Joven&nbsp; 5,10&euro; 18 &nbsp; Actualizar el carrito Aplicar el cup\u00f3n Totales del carrito Subtotal 91,80&euro; Env\u00edo Introduce tu direcci\u00f3n para ver las opciones de env\u00edo. Calcular env\u00edo Pa\u00eds \/ Regi\u00f3n [&hellip;]<\/p>\n","protected":false},"author":1,"featured_media":0,"parent":0,"menu_order":0,"comment_status":"closed","ping_status":"closed","template":"","meta":{"footnotes":""},"tags":[],"class_list":["post-1111","page","type-page","status-publish","hentry"],"yoast_head":"<!-- This site is optimized with the Yoast SEO plugin v27.4 - https:\/\/yoast.com\/product\/yoast-seo-wordpress\/ -->\n<title>Carrito - fr<\/title>\n<meta name=\"robots\" content=\"index, follow, max-snippet:-1, max-image-preview:large, max-video-preview:-1\" \/>\n<link rel=\"canonical\" href=\"https:\/\/www.bodegalaus.es\/fr\/carrito\/\" \/>\n<meta property=\"og:locale\" content=\"es_ES\" \/>\n<meta property=\"og:type\" content=\"article\" \/>\n<meta property=\"og:title\" content=\"Carrito - fr\" \/>\n<meta property=\"og:description\" content=\"Carrito Eliminar art\u00edculo Imagen en miniatura Producto Precio Cantidad Subtotal &times; Crea tu caja LAUSEdit selections 30,60&euro; Crea tu caja LAUS cantidad 91,80&euro; LAUS Tinto Joven&nbsp; 5,10&euro; 18 &nbsp; Actualizar el carrito Aplicar el cup\u00f3n Totales del carrito Subtotal 91,80&euro; Env\u00edo Introduce tu direcci\u00f3n para ver las opciones de env\u00edo. Calcular env\u00edo Pa\u00eds \/ Regi\u00f3n [&hellip;]\" \/>\n<meta property=\"og:url\" content=\"https:\/\/www.bodegalaus.es\/fr\/carrito\/\" \/>\n<meta property=\"og:site_name\" content=\"fr\" \/>\n<meta property=\"article:modified_time\" content=\"2025-04-02T12:08:26+00:00\" \/>\n<meta property=\"og:image\" content=\"https:\/\/new.bodegalaus.es\/fr\/wp-content\/uploads\/sites\/3\/2025\/03\/producto-destacado_todas-1-300x300.png\" \/>\n<meta name=\"twitter:card\" content=\"summary_large_image\" \/>\n<script type=\"application\/ld+json\" class=\"yoast-schema-graph\">{\"@context\":\"https:\\\/\\\/schema.org\",\"@graph\":[{\"@type\":\"WebPage\",\"@id\":\"https:\\\/\\\/www.bodegalaus.es\\\/fr\\\/carrito\\\/\",\"url\":\"https:\\\/\\\/www.bodegalaus.es\\\/fr\\\/carrito\\\/\",\"name\":\"Carrito - fr\",\"isPartOf\":{\"@id\":\"https:\\\/\\\/www.bodegalaus.es\\\/fr\\\/#website\"},\"primaryImageOfPage\":{\"@id\":\"https:\\\/\\\/www.bodegalaus.es\\\/fr\\\/carrito\\\/#primaryimage\"},\"image\":{\"@id\":\"https:\\\/\\\/www.bodegalaus.es\\\/fr\\\/carrito\\\/#primaryimage\"},\"thumbnailUrl\":\"https:\\\/\\\/new.bodegalaus.es\\\/fr\\\/wp-content\\\/uploads\\\/sites\\\/3\\\/2025\\\/03\\\/producto-destacado_todas-1-300x300.png\",\"datePublished\":\"2025-02-20T09:37:45+00:00\",\"dateModified\":\"2025-04-02T12:08:26+00:00\",\"breadcrumb\":{\"@id\":\"https:\\\/\\\/www.bodegalaus.es\\\/fr\\\/carrito\\\/#breadcrumb\"},\"inLanguage\":\"es\",\"potentialAction\":[{\"@type\":\"ReadAction\",\"target\":[\"https:\\\/\\\/www.bodegalaus.es\\\/fr\\\/carrito\\\/\"]}]},{\"@type\":\"ImageObject\",\"inLanguage\":\"es\",\"@id\":\"https:\\\/\\\/www.bodegalaus.es\\\/fr\\\/carrito\\\/#primaryimage\",\"url\":\"https:\\\/\\\/new.bodegalaus.es\\\/fr\\\/wp-content\\\/uploads\\\/sites\\\/3\\\/2025\\\/03\\\/producto-destacado_todas-1-300x300.png\",\"contentUrl\":\"https:\\\/\\\/new.bodegalaus.es\\\/fr\\\/wp-content\\\/uploads\\\/sites\\\/3\\\/2025\\\/03\\\/producto-destacado_todas-1-300x300.png\"},{\"@type\":\"BreadcrumbList\",\"@id\":\"https:\\\/\\\/www.bodegalaus.es\\\/fr\\\/carrito\\\/#breadcrumb\",\"itemListElement\":[{\"@type\":\"ListItem\",\"position\":1,\"name\":\"Portada\",\"item\":\"https:\\\/\\\/www.bodegalaus.es\\\/fr\\\/\"},{\"@type\":\"ListItem\",\"position\":2,\"name\":\"Carrito\"}]},{\"@type\":\"WebSite\",\"@id\":\"https:\\\/\\\/www.bodegalaus.es\\\/fr\\\/#website\",\"url\":\"https:\\\/\\\/www.bodegalaus.es\\\/fr\\\/\",\"name\":\"fr\",\"description\":\"\",\"potentialAction\":[{\"@type\":\"SearchAction\",\"target\":{\"@type\":\"EntryPoint\",\"urlTemplate\":\"https:\\\/\\\/www.bodegalaus.es\\\/fr\\\/?s={search_term_string}\"},\"query-input\":{\"@type\":\"PropertyValueSpecification\",\"valueRequired\":true,\"valueName\":\"search_term_string\"}}],\"inLanguage\":\"es\"}]}<\/script>\n<!-- \/ Yoast SEO plugin. -->","yoast_head_json":{"title":"Carrito - fr","robots":{"index":"index","follow":"follow","max-snippet":"max-snippet:-1","max-image-preview":"max-image-preview:large","max-video-preview":"max-video-preview:-1"},"canonical":"https:\/\/www.bodegalaus.es\/fr\/carrito\/","og_locale":"es_ES","og_type":"article","og_title":"Carrito - fr","og_description":"Carrito Eliminar art\u00edculo Imagen en miniatura Producto Precio Cantidad Subtotal &times; Crea tu caja LAUSEdit selections 30,60&euro; Crea tu caja LAUS cantidad 91,80&euro; LAUS Tinto Joven&nbsp; 5,10&euro; 18 &nbsp; Actualizar el carrito Aplicar el cup\u00f3n Totales del carrito Subtotal 91,80&euro; Env\u00edo Introduce tu direcci\u00f3n para ver las opciones de env\u00edo. Calcular env\u00edo Pa\u00eds \/ Regi\u00f3n [&hellip;]","og_url":"https:\/\/www.bodegalaus.es\/fr\/carrito\/","og_site_name":"fr","article_modified_time":"2025-04-02T12:08:26+00:00","og_image":[{"url":"https:\/\/new.bodegalaus.es\/fr\/wp-content\/uploads\/sites\/3\/2025\/03\/producto-destacado_todas-1-300x300.png","type":"","width":"","height":""}],"twitter_card":"summary_large_image","schema":{"@context":"https:\/\/schema.org","@graph":[{"@type":"WebPage","@id":"https:\/\/www.bodegalaus.es\/fr\/carrito\/","url":"https:\/\/www.bodegalaus.es\/fr\/carrito\/","name":"Carrito - fr","isPartOf":{"@id":"https:\/\/www.bodegalaus.es\/fr\/#website"},"primaryImageOfPage":{"@id":"https:\/\/www.bodegalaus.es\/fr\/carrito\/#primaryimage"},"image":{"@id":"https:\/\/www.bodegalaus.es\/fr\/carrito\/#primaryimage"},"thumbnailUrl":"https:\/\/new.bodegalaus.es\/fr\/wp-content\/uploads\/sites\/3\/2025\/03\/producto-destacado_todas-1-300x300.png","datePublished":"2025-02-20T09:37:45+00:00","dateModified":"2025-04-02T12:08:26+00:00","breadcrumb":{"@id":"https:\/\/www.bodegalaus.es\/fr\/carrito\/#breadcrumb"},"inLanguage":"es","potentialAction":[{"@type":"ReadAction","target":["https:\/\/www.bodegalaus.es\/fr\/carrito\/"]}]},{"@type":"ImageObject","inLanguage":"es","@id":"https:\/\/www.bodegalaus.es\/fr\/carrito\/#primaryimage","url":"https:\/\/new.bodegalaus.es\/fr\/wp-content\/uploads\/sites\/3\/2025\/03\/producto-destacado_todas-1-300x300.png","contentUrl":"https:\/\/new.bodegalaus.es\/fr\/wp-content\/uploads\/sites\/3\/2025\/03\/producto-destacado_todas-1-300x300.png"},{"@type":"BreadcrumbList","@id":"https:\/\/www.bodegalaus.es\/fr\/carrito\/#breadcrumb","itemListElement":[{"@type":"ListItem","position":1,"name":"Portada","item":"https:\/\/www.bodegalaus.es\/fr\/"},{"@type":"ListItem","position":2,"name":"Carrito"}]},{"@type":"WebSite","@id":"https:\/\/www.bodegalaus.es\/fr\/#website","url":"https:\/\/www.bodegalaus.es\/fr\/","name":"fr","description":"","potentialAction":[{"@type":"SearchAction","target":{"@type":"EntryPoint","urlTemplate":"https:\/\/www.bodegalaus.es\/fr\/?s={search_term_string}"},"query-input":{"@type":"PropertyValueSpecification","valueRequired":true,"valueName":"search_term_string"}}],"inLanguage":"es"}]}},"_links":{"self":[{"href":"https:\/\/www.bodegalaus.es\/fr\/wp-json\/wp\/v2\/pages\/1111","targetHints":{"allow":["GET"]}}],"collection":[{"href":"https:\/\/www.bodegalaus.es\/fr\/wp-json\/wp\/v2\/pages"}],"about":[{"href":"https:\/\/www.bodegalaus.es\/fr\/wp-json\/wp\/v2\/types\/page"}],"author":[{"embeddable":true,"href":"https:\/\/www.bodegalaus.es\/fr\/wp-json\/wp\/v2\/users\/1"}],"replies":[{"embeddable":true,"href":"https:\/\/www.bodegalaus.es\/fr\/wp-json\/wp\/v2\/comments?post=1111"}],"version-history":[{"count":70,"href":"https:\/\/www.bodegalaus.es\/fr\/wp-json\/wp\/v2\/pages\/1111\/revisions"}],"predecessor-version":[{"id":2706,"href":"https:\/\/www.bodegalaus.es\/fr\/wp-json\/wp\/v2\/pages\/1111\/revisions\/2706"}],"wp:attachment":[{"href":"https:\/\/www.bodegalaus.es\/fr\/wp-json\/wp\/v2\/media?parent=1111"}],"wp:term":[{"taxonomy":"post_tag","embeddable":true,"href":"https:\/\/www.bodegalaus.es\/fr\/wp-json\/wp\/v2\/tags?post=1111"}],"curies":[{"name":"wp","href":"https:\/\/api.w.org\/{rel}","templated":true}]}}