{"id":1112,"date":"2025-02-20T10:37:45","date_gmt":"2025-02-20T09:37:45","guid":{"rendered":"https:\/\/new.bodegalaus.es\/fr\/finalizar-compra\/"},"modified":"2025-04-02T14:11:02","modified_gmt":"2025-04-02T12:11:02","slug":"finalizar-compra","status":"publish","type":"page","link":"https:\/\/www.bodegalaus.es\/fr\/finalizar-compra\/","title":{"rendered":"Finalizar compra"},"content":{"rendered":"\t\t<div data-elementor-type=\"wp-page\" data-elementor-id=\"1112\" class=\"elementor elementor-1112\" data-elementor-post-type=\"page\">\n\t\t\t\t<div class=\"elementor-element elementor-element-ca42fa1 e-con-full e-flex e-con e-parent\" data-id=\"ca42fa1\" data-element_type=\"container\" data-e-type=\"container\">\n\t\t\t\t<div class=\"elementor-element elementor-element-888f134 elementor-widget elementor-widget-heading\" data-id=\"888f134\" data-element_type=\"widget\" data-e-type=\"widget\" data-widget_type=\"heading.default\">\n\t\t\t\t\t<h1 class=\"elementor-heading-title elementor-size-default\">Finalizar Compra<\/h1>\t\t\t\t<\/div>\n\t\t\t\t<\/div>\n\t\t\t\t<\/div>\n\t\t","protected":false},"excerpt":{"rendered":"<p>Finalizar Compra Detalles de facturaci\u00f3n Nombre&nbsp;* Apellidos&nbsp;* Pa\u00eds \/ Regi\u00f3n&nbsp;*Selecciona un pa\u00eds\/regi\u00f3n&hellip;Espa\u00f1aFrancia&nbsp;*Actualizar pa\u00eds\/regi\u00f3n Direcci\u00f3n de la calle&nbsp;* Apartamento, habitaci\u00f3n, escalera, etc.&nbsp;(opcional) C\u00f3digo postal \/ ZIP&nbsp;* Poblaci\u00f3n&nbsp;* Provincia&nbsp;*Elige una opci\u00f3n&hellip;La Coru\u00f1a\u00c1lavaAlbaceteAlicanteAlmer\u00edaAsturias\u00c1vilaBadajozBalearesBarcelonaBurgosC\u00e1ceresC\u00e1dizCantabriaCastell\u00f3nCeutaCiudad RealC\u00f3rdobaCuencaGeronaGranadaGuadalajaraGuip\u00fazcoaHuelvaHuescaJa\u00e9nLa RiojaLas PalmasLe\u00f3nL\u00e9ridaLugoMadridM\u00e1lagaMelillaMurciaNavarraOrensePalenciaPontevedraSalamancaSanta Cruz de TenerifeSegoviaSevillaSoriaTarragonaTeruelToledoValenciaValladolidVizcayaZamoraZaragoza Tel\u00e9fono&nbsp;(opcional) Direcci\u00f3n de correo electr\u00f3nico&nbsp;* \u00bfEnviar a otra direcci\u00f3n? Nombre&nbsp;* Apellidos&nbsp;* Pa\u00eds \/ Regi\u00f3n&nbsp;*Selecciona un pa\u00eds\/regi\u00f3n&hellip;Espa\u00f1aFrancia&nbsp;*Actualizar pa\u00eds\/regi\u00f3n Direcci\u00f3n de [&hellip;]<\/p>\n","protected":false},"author":1,"featured_media":0,"parent":0,"menu_order":0,"comment_status":"closed","ping_status":"closed","template":"","meta":{"footnotes":""},"tags":[],"class_list":["post-1112","page","type-page","status-publish","hentry"],"yoast_head":"<!-- This site is optimized with the Yoast SEO plugin v27.4 - https:\/\/yoast.com\/product\/yoast-seo-wordpress\/ -->\n<title>Finalizar compra - fr<\/title>\n<meta name=\"robots\" content=\"index, follow, max-snippet:-1, max-image-preview:large, max-video-preview:-1\" \/>\n<link rel=\"canonical\" href=\"https:\/\/www.bodegalaus.es\/fr\/finalizar-compra\/\" \/>\n<meta property=\"og:locale\" content=\"es_ES\" \/>\n<meta property=\"og:type\" content=\"article\" \/>\n<meta property=\"og:title\" content=\"Finalizar compra - fr\" \/>\n<meta property=\"og:description\" content=\"Finalizar Compra Detalles de facturaci\u00f3n Nombre&nbsp;* Apellidos&nbsp;* Pa\u00eds \/ Regi\u00f3n&nbsp;*Selecciona un pa\u00eds\/regi\u00f3n&hellip;Espa\u00f1aFrancia&nbsp;*Actualizar pa\u00eds\/regi\u00f3n Direcci\u00f3n de la calle&nbsp;* Apartamento, habitaci\u00f3n, escalera, etc.&nbsp;(opcional) C\u00f3digo postal \/ ZIP&nbsp;* Poblaci\u00f3n&nbsp;* Provincia&nbsp;*Elige una opci\u00f3n&hellip;La Coru\u00f1a\u00c1lavaAlbaceteAlicanteAlmer\u00edaAsturias\u00c1vilaBadajozBalearesBarcelonaBurgosC\u00e1ceresC\u00e1dizCantabriaCastell\u00f3nCeutaCiudad RealC\u00f3rdobaCuencaGeronaGranadaGuadalajaraGuip\u00fazcoaHuelvaHuescaJa\u00e9nLa RiojaLas PalmasLe\u00f3nL\u00e9ridaLugoMadridM\u00e1lagaMelillaMurciaNavarraOrensePalenciaPontevedraSalamancaSanta Cruz de TenerifeSegoviaSevillaSoriaTarragonaTeruelToledoValenciaValladolidVizcayaZamoraZaragoza Tel\u00e9fono&nbsp;(opcional) Direcci\u00f3n de correo electr\u00f3nico&nbsp;* \u00bfEnviar a otra direcci\u00f3n? Nombre&nbsp;* Apellidos&nbsp;* Pa\u00eds \/ Regi\u00f3n&nbsp;*Selecciona un pa\u00eds\/regi\u00f3n&hellip;Espa\u00f1aFrancia&nbsp;*Actualizar pa\u00eds\/regi\u00f3n Direcci\u00f3n de [&hellip;]\" \/>\n<meta property=\"og:url\" content=\"https:\/\/www.bodegalaus.es\/fr\/finalizar-compra\/\" \/>\n<meta property=\"og:site_name\" content=\"fr\" \/>\n<meta property=\"article:modified_time\" content=\"2025-04-02T12:11:02+00:00\" \/>\n<meta name=\"twitter:card\" content=\"summary_large_image\" \/>\n<meta name=\"twitter:label1\" content=\"Tiempo de lectura\" \/>\n\t<meta name=\"twitter:data1\" content=\"2 minutos\" \/>\n<script type=\"application\/ld+json\" class=\"yoast-schema-graph\">{\"@context\":\"https:\\\/\\\/schema.org\",\"@graph\":[{\"@type\":\"WebPage\",\"@id\":\"https:\\\/\\\/www.bodegalaus.es\\\/fr\\\/finalizar-compra\\\/\",\"url\":\"https:\\\/\\\/www.bodegalaus.es\\\/fr\\\/finalizar-compra\\\/\",\"name\":\"Finalizar compra - fr\",\"isPartOf\":{\"@id\":\"https:\\\/\\\/www.bodegalaus.es\\\/fr\\\/#website\"},\"datePublished\":\"2025-02-20T09:37:45+00:00\",\"dateModified\":\"2025-04-02T12:11:02+00:00\",\"breadcrumb\":{\"@id\":\"https:\\\/\\\/www.bodegalaus.es\\\/fr\\\/finalizar-compra\\\/#breadcrumb\"},\"inLanguage\":\"es\",\"potentialAction\":[{\"@type\":\"ReadAction\",\"target\":[\"https:\\\/\\\/www.bodegalaus.es\\\/fr\\\/finalizar-compra\\\/\"]}]},{\"@type\":\"BreadcrumbList\",\"@id\":\"https:\\\/\\\/www.bodegalaus.es\\\/fr\\\/finalizar-compra\\\/#breadcrumb\",\"itemListElement\":[{\"@type\":\"ListItem\",\"position\":1,\"name\":\"Portada\",\"item\":\"https:\\\/\\\/www.bodegalaus.es\\\/fr\\\/\"},{\"@type\":\"ListItem\",\"position\":2,\"name\":\"Finalizar compra\"}]},{\"@type\":\"WebSite\",\"@id\":\"https:\\\/\\\/www.bodegalaus.es\\\/fr\\\/#website\",\"url\":\"https:\\\/\\\/www.bodegalaus.es\\\/fr\\\/\",\"name\":\"fr\",\"description\":\"\",\"potentialAction\":[{\"@type\":\"SearchAction\",\"target\":{\"@type\":\"EntryPoint\",\"urlTemplate\":\"https:\\\/\\\/www.bodegalaus.es\\\/fr\\\/?s={search_term_string}\"},\"query-input\":{\"@type\":\"PropertyValueSpecification\",\"valueRequired\":true,\"valueName\":\"search_term_string\"}}],\"inLanguage\":\"es\"}]}<\/script>\n<!-- \/ Yoast SEO plugin. -->","yoast_head_json":{"title":"Finalizar compra - fr","robots":{"index":"index","follow":"follow","max-snippet":"max-snippet:-1","max-image-preview":"max-image-preview:large","max-video-preview":"max-video-preview:-1"},"canonical":"https:\/\/www.bodegalaus.es\/fr\/finalizar-compra\/","og_locale":"es_ES","og_type":"article","og_title":"Finalizar compra - fr","og_description":"Finalizar Compra Detalles de facturaci\u00f3n Nombre&nbsp;* Apellidos&nbsp;* Pa\u00eds \/ Regi\u00f3n&nbsp;*Selecciona un pa\u00eds\/regi\u00f3n&hellip;Espa\u00f1aFrancia&nbsp;*Actualizar pa\u00eds\/regi\u00f3n Direcci\u00f3n de la calle&nbsp;* Apartamento, habitaci\u00f3n, escalera, etc.&nbsp;(opcional) C\u00f3digo postal \/ ZIP&nbsp;* Poblaci\u00f3n&nbsp;* Provincia&nbsp;*Elige una opci\u00f3n&hellip;La Coru\u00f1a\u00c1lavaAlbaceteAlicanteAlmer\u00edaAsturias\u00c1vilaBadajozBalearesBarcelonaBurgosC\u00e1ceresC\u00e1dizCantabriaCastell\u00f3nCeutaCiudad RealC\u00f3rdobaCuencaGeronaGranadaGuadalajaraGuip\u00fazcoaHuelvaHuescaJa\u00e9nLa RiojaLas PalmasLe\u00f3nL\u00e9ridaLugoMadridM\u00e1lagaMelillaMurciaNavarraOrensePalenciaPontevedraSalamancaSanta Cruz de TenerifeSegoviaSevillaSoriaTarragonaTeruelToledoValenciaValladolidVizcayaZamoraZaragoza Tel\u00e9fono&nbsp;(opcional) Direcci\u00f3n de correo electr\u00f3nico&nbsp;* \u00bfEnviar a otra direcci\u00f3n? Nombre&nbsp;* Apellidos&nbsp;* Pa\u00eds \/ Regi\u00f3n&nbsp;*Selecciona un pa\u00eds\/regi\u00f3n&hellip;Espa\u00f1aFrancia&nbsp;*Actualizar pa\u00eds\/regi\u00f3n Direcci\u00f3n de [&hellip;]","og_url":"https:\/\/www.bodegalaus.es\/fr\/finalizar-compra\/","og_site_name":"fr","article_modified_time":"2025-04-02T12:11:02+00:00","twitter_card":"summary_large_image","twitter_misc":{"Tiempo de lectura":"2 minutos"},"schema":{"@context":"https:\/\/schema.org","@graph":[{"@type":"WebPage","@id":"https:\/\/www.bodegalaus.es\/fr\/finalizar-compra\/","url":"https:\/\/www.bodegalaus.es\/fr\/finalizar-compra\/","name":"Finalizar compra - fr","isPartOf":{"@id":"https:\/\/www.bodegalaus.es\/fr\/#website"},"datePublished":"2025-02-20T09:37:45+00:00","dateModified":"2025-04-02T12:11:02+00:00","breadcrumb":{"@id":"https:\/\/www.bodegalaus.es\/fr\/finalizar-compra\/#breadcrumb"},"inLanguage":"es","potentialAction":[{"@type":"ReadAction","target":["https:\/\/www.bodegalaus.es\/fr\/finalizar-compra\/"]}]},{"@type":"BreadcrumbList","@id":"https:\/\/www.bodegalaus.es\/fr\/finalizar-compra\/#breadcrumb","itemListElement":[{"@type":"ListItem","position":1,"name":"Portada","item":"https:\/\/www.bodegalaus.es\/fr\/"},{"@type":"ListItem","position":2,"name":"Finalizar compra"}]},{"@type":"WebSite","@id":"https:\/\/www.bodegalaus.es\/fr\/#website","url":"https:\/\/www.bodegalaus.es\/fr\/","name":"fr","description":"","potentialAction":[{"@type":"SearchAction","target":{"@type":"EntryPoint","urlTemplate":"https:\/\/www.bodegalaus.es\/fr\/?s={search_term_string}"},"query-input":{"@type":"PropertyValueSpecification","valueRequired":true,"valueName":"search_term_string"}}],"inLanguage":"es"}]}},"_links":{"self":[{"href":"https:\/\/www.bodegalaus.es\/fr\/wp-json\/wp\/v2\/pages\/1112","targetHints":{"allow":["GET"]}}],"collection":[{"href":"https:\/\/www.bodegalaus.es\/fr\/wp-json\/wp\/v2\/pages"}],"about":[{"href":"https:\/\/www.bodegalaus.es\/fr\/wp-json\/wp\/v2\/types\/page"}],"author":[{"embeddable":true,"href":"https:\/\/www.bodegalaus.es\/fr\/wp-json\/wp\/v2\/users\/1"}],"replies":[{"embeddable":true,"href":"https:\/\/www.bodegalaus.es\/fr\/wp-json\/wp\/v2\/comments?post=1112"}],"version-history":[{"count":39,"href":"https:\/\/www.bodegalaus.es\/fr\/wp-json\/wp\/v2\/pages\/1112\/revisions"}],"predecessor-version":[{"id":2709,"href":"https:\/\/www.bodegalaus.es\/fr\/wp-json\/wp\/v2\/pages\/1112\/revisions\/2709"}],"wp:attachment":[{"href":"https:\/\/www.bodegalaus.es\/fr\/wp-json\/wp\/v2\/media?parent=1112"}],"wp:term":[{"taxonomy":"post_tag","embeddable":true,"href":"https:\/\/www.bodegalaus.es\/fr\/wp-json\/wp\/v2\/tags?post=1112"}],"curies":[{"name":"wp","href":"https:\/\/api.w.org\/{rel}","templated":true}]}}