{"id":1787,"date":"2025-02-24T10:35:10","date_gmt":"2025-02-24T09:35:10","guid":{"rendered":"https:\/\/new.bodegalaus.es\/fr\/?page_id=1787"},"modified":"2026-02-20T01:32:45","modified_gmt":"2026-02-20T00:32:45","slug":"contact","status":"publish","type":"page","link":"https:\/\/www.bodegalaus.es\/fr\/contact\/","title":{"rendered":"Contact"},"content":{"rendered":"\t\t<div data-elementor-type=\"wp-page\" data-elementor-id=\"1787\" class=\"elementor elementor-1787\" data-elementor-post-type=\"page\">\n\t\t\t\t<div class=\"elementor-element elementor-element-534d23d e-con-full section-presentacion e-flex e-con e-parent\" data-id=\"534d23d\" data-element_type=\"container\" data-e-type=\"container\">\n\t\t\t\t<div class=\"elementor-element elementor-element-8b981a6 elementor-cta--skin-cover imagen_portada elementor-widget elementor-widget-call-to-action\" data-id=\"8b981a6\" data-element_type=\"widget\" data-e-type=\"widget\" data-widget_type=\"call-to-action.default\">\n\t\t\t\t\t\t\t<div class=\"elementor-cta\">\n\t\t\t\t\t<div class=\"elementor-cta__bg-wrapper\">\n\t\t\t\t<div class=\"elementor-cta__bg elementor-bg\" style=\"background-image: url(https:\/\/www.bodegalaus.es\/fr\/wp-content\/uploads\/sites\/3\/2026\/02\/fondo-contacto-1.jpg);\" role=\"img\" aria-label=\"fondo-contacto-1.jpg\"><\/div>\n\t\t\t\t<div class=\"elementor-cta__bg-overlay\"><\/div>\n\t\t\t<\/div>\n\t\t\t\t\t\t\t<div class=\"elementor-cta__content\">\n\t\t\t\t\t\t\t\t\t<div class=\"elementor-content-item elementor-cta__content-item elementor-cta__image\">\n\t\t\t\t\t\t<img fetchpriority=\"high\" decoding=\"async\" width=\"801\" height=\"703\" src=\"https:\/\/www.bodegalaus.es\/fr\/wp-content\/uploads\/sites\/3\/2026\/02\/fondo-flores-contacto-1.png\" class=\"attachment-full size-full wp-image-3175\" alt=\"\" srcset=\"https:\/\/www.bodegalaus.es\/fr\/wp-content\/uploads\/sites\/3\/2026\/02\/fondo-flores-contacto-1.png 801w, https:\/\/www.bodegalaus.es\/fr\/wp-content\/uploads\/sites\/3\/2026\/02\/fondo-flores-contacto-1-300x263.png 300w, https:\/\/www.bodegalaus.es\/fr\/wp-content\/uploads\/sites\/3\/2026\/02\/fondo-flores-contacto-1-768x674.png 768w\" sizes=\"(max-width: 801px) 100vw, 801px\" \/>\t\t\t\t\t<\/div>\n\t\t\t\t\n\t\t\t\t\t\t\t\t\t<h1 class=\"elementor-cta__title elementor-cta__content-item elementor-content-item\">\n\t\t\t\t\t\tCONTACT\t\t\t\t\t<\/h1>\n\t\t\t\t\n\t\t\t\t\t\t\t\t\t<div class=\"elementor-cta__description elementor-cta__content-item elementor-content-item\">\n\t\t\t\t\t\tVenez visiter le domaine viticole et laissez-vous surprendre par le paysage. LAUS Nature\n<br><br>\n<i class=\"icon-yiking\"><\/i>\t\t\t\t\t<\/div>\n\t\t\t\t\n\t\t\t\t\t\t\t<\/div>\n\t\t\t\t\t\t<\/div>\n\t\t\t\t\t\t<\/div>\n\t\t\t\t<div class=\"elementor-element elementor-element-3cf7e9c elementor-widget elementor-widget-html\" data-id=\"3cf7e9c\" data-element_type=\"widget\" data-e-type=\"widget\" data-widget_type=\"html.default\">\n\t\t\t\t\t<script>\ndocument.addEventListener(\"DOMContentLoaded\", function() {\n    const el = document.querySelector(\".imagen_portada .elementor-cta__content\");\n\n    const observer = new IntersectionObserver(entries => {\n        entries.forEach(entry => {\n            if (entry.isIntersecting) {\n                el.classList.add(\"is-visible\");\n            }\n        });\n    }, { threshold: 0.3 });\n\n    observer.observe(el);\n});\n<\/script>\n\t\t\t\t<\/div>\n\t\t\t\t<\/div>\n\t\t<div class=\"elementor-element elementor-element-45560f3 e-con-full section-presentacion e-flex e-con e-parent\" data-id=\"45560f3\" data-element_type=\"container\" data-e-type=\"container\" data-settings=\"{&quot;background_background&quot;:&quot;classic&quot;}\">\n\t\t\t\t<div class=\"elementor-element elementor-element-9b9ee58 elementor-widget elementor-widget-html\" data-id=\"9b9ee58\" data-element_type=\"widget\" data-e-type=\"widget\" data-widget_type=\"html.default\">\n\t\t\t\t\t<div class=\"show-more\">\n            <a id=\"godown\" class=\"sinlinea hacialoslados\">\n                <i class=\"icon-arrow-down\"><\/i>\n            <\/a>\n        <\/div>\t\t\t\t<\/div>\n\t\t\t\t<div class=\"elementor-element elementor-element-2464dbf elementor-widget elementor-widget-heading\" data-id=\"2464dbf\" data-element_type=\"widget\" data-e-type=\"widget\" data-widget_type=\"heading.default\">\n\t\t\t\t\t<h2 class=\"elementor-heading-title elementor-size-default\">Venez nous visiter<\/h2>\t\t\t\t<\/div>\n\t\t\t\t<div class=\"elementor-element elementor-element-bc0f640 elementor-widget elementor-widget-text-editor\" data-id=\"bc0f640\" data-element_type=\"widget\" data-e-type=\"widget\" data-widget_type=\"text-editor.default\">\n\t\t\t\t\t\t\t\t\t<section class=\"section section-visita section-visita-intro next-section\"><p>Si vous souhaitez visiter notre cave et que nous devons adapter la visite \u00e0 vos besoins, n&#8217;h\u00e9sitez pas \u00e0 nous contacter.<\/p><\/section>\t\t\t\t\t\t\t\t<\/div>\n\t\t\t\t<\/div>\n\t\t<div class=\"elementor-element elementor-element-a64611f e-con-full e-flex e-con e-parent\" data-id=\"a64611f\" data-element_type=\"container\" data-e-type=\"container\" data-settings=\"{&quot;background_background&quot;:&quot;gradient&quot;}\">\n\t\t<div class=\"elementor-element elementor-element-ba7925f e-con-full e-flex e-con e-child\" data-id=\"ba7925f\" data-element_type=\"container\" data-e-type=\"container\">\n\t\t\t\t<div class=\"elementor-element elementor-element-85e8dd3 elementor-widget elementor-widget-heading\" data-id=\"85e8dd3\" data-element_type=\"widget\" data-e-type=\"widget\" data-widget_type=\"heading.default\">\n\t\t\t\t\t<h2 class=\"elementor-heading-title elementor-size-default\">Venez nous visiter\n<\/h2>\t\t\t\t<\/div>\n\t\t\t\t<div class=\"elementor-element elementor-element-4af63ae elementor-widget elementor-widget-heading\" data-id=\"4af63ae\" data-element_type=\"widget\" data-e-type=\"widget\" data-widget_type=\"heading.default\">\n\t\t\t\t\t<h2 class=\"elementor-heading-title elementor-size-default\">EMAIL<\/h2>\t\t\t\t<\/div>\n\t\t\t\t<div class=\"elementor-element elementor-element-b32eacf elementor-widget elementor-widget-text-editor\" data-id=\"b32eacf\" data-element_type=\"widget\" data-e-type=\"widget\" data-widget_type=\"text-editor.default\">\n\t\t\t\t\t\t\t\t\t<p><a class=\"sinlinea\" href=\"mailto:enoturismo.laus@grupoenate.es\">enoturismo.laus@grupoenate.es<\/a><\/p>\t\t\t\t\t\t\t\t<\/div>\n\t\t\t\t<div class=\"elementor-element elementor-element-a745bab elementor-widget elementor-widget-heading\" data-id=\"a745bab\" data-element_type=\"widget\" data-e-type=\"widget\" data-widget_type=\"heading.default\">\n\t\t\t\t\t<h2 class=\"elementor-heading-title elementor-size-default\">T\u00c9L\u00c9PHONE<\/h2>\t\t\t\t<\/div>\n\t\t\t\t<div class=\"elementor-element elementor-element-da66019 elementor-widget elementor-widget-text-editor\" data-id=\"da66019\" data-element_type=\"widget\" data-e-type=\"widget\" data-widget_type=\"text-editor.default\">\n\t\t\t\t\t\t\t\t\t<p><a class=\"sinlinea\" href=\"tel:974269708\">T.\u00a0+34\u00a0974 269 708<\/a><\/p>\t\t\t\t\t\t\t\t<\/div>\n\t\t\t\t<div class=\"elementor-element elementor-element-bdbee98 elementor-widget elementor-widget-heading\" data-id=\"bdbee98\" data-element_type=\"widget\" data-e-type=\"widget\" data-widget_type=\"heading.default\">\n\t\t\t\t\t<h2 class=\"elementor-heading-title elementor-size-default\">LOCALISATION<\/h2>\t\t\t\t<\/div>\n\t\t\t\t<div class=\"elementor-element elementor-element-35a380a elementor-widget elementor-widget-text-editor\" data-id=\"35a380a\" data-element_type=\"widget\" data-e-type=\"widget\" data-widget_type=\"text-editor.default\">\n\t\t\t\t\t\t\t\t\t<p>Carretera N240 Km 154,8 Barbastro 22300 Huesca, Espa\u00f1a<\/p><p>\u00a0<\/p>\t\t\t\t\t\t\t\t<\/div>\n\t\t\t\t<\/div>\n\t\t<div class=\"elementor-element elementor-element-69c263c e-con-full e-flex e-con e-child\" data-id=\"69c263c\" data-element_type=\"container\" data-e-type=\"container\">\n\t\t\t\t<div class=\"elementor-element elementor-element-b2dbc7d elementor-widget elementor-widget-html\" data-id=\"b2dbc7d\" data-element_type=\"widget\" data-e-type=\"widget\" data-widget_type=\"html.default\">\n\t\t\t\t\t<i class=\"icon-yiking\" style=\"color:#2F2F2F !important;\"><\/i>\t\t\t\t<\/div>\n\t\t\t\t<\/div>\n\t\t\t\t<\/div>\n\t\t<div class=\"elementor-element elementor-element-56f17ee e-con-full e-flex e-con e-parent\" data-id=\"56f17ee\" data-element_type=\"container\" data-e-type=\"container\" data-settings=\"{&quot;background_background&quot;:&quot;gradient&quot;}\">\n\t\t<div class=\"elementor-element elementor-element-7fd58d7 e-con-full e-flex e-con e-child\" data-id=\"7fd58d7\" data-element_type=\"container\" data-e-type=\"container\">\n\t\t\t\t<div class=\"elementor-element elementor-element-c3692bd elementor-widget elementor-widget-heading\" data-id=\"c3692bd\" data-element_type=\"widget\" data-e-type=\"widget\" data-widget_type=\"heading.default\">\n\t\t\t\t\t<h2 class=\"elementor-heading-title elementor-size-default\">CONTACTER<\/h2>\t\t\t\t<\/div>\n\t\t\t\t<div class=\"elementor-element elementor-element-3a53e90 elementor-widget elementor-widget-text-editor\" data-id=\"3a53e90\" data-element_type=\"widget\" data-e-type=\"widget\" data-widget_type=\"text-editor.default\">\n\t\t\t\t\t\t\t\t\t<p>Vous pouvez nous \u00e9crire un message pour nous faire part de vos questions. Nous serons heureux de vous r\u00e9pondre dans les plus brefs d\u00e9lais.<\/p>\t\t\t\t\t\t\t\t<\/div>\n\t\t\t\t<div class=\"elementor-element elementor-element-9e3c4cc elementor-button-align-stretch elementor-widget elementor-widget-form\" data-id=\"9e3c4cc\" data-element_type=\"widget\" data-e-type=\"widget\" data-settings=\"{&quot;button_width&quot;:&quot;40&quot;,&quot;step_next_label&quot;:&quot;Siguiente&quot;,&quot;step_previous_label&quot;:&quot;Anterior&quot;,&quot;step_type&quot;:&quot;number_text&quot;,&quot;step_icon_shape&quot;:&quot;circle&quot;}\" data-widget_type=\"form.default\">\n\t\t\t\t\t\t\t<form class=\"elementor-form\" method=\"post\" name=\"Nuevo formulario\" aria-label=\"Nuevo formulario\">\n\t\t\t<input type=\"hidden\" name=\"post_id\" value=\"1787\"\/>\n\t\t\t<input type=\"hidden\" name=\"form_id\" value=\"9e3c4cc\"\/>\n\t\t\t<input type=\"hidden\" name=\"referer_title\" value=\"Contact - fr\" \/>\n\n\t\t\t\t\t\t\t<input type=\"hidden\" name=\"queried_id\" value=\"1787\"\/>\n\t\t\t\n\t\t\t<div class=\"elementor-form-fields-wrapper elementor-labels-above\">\n\t\t\t\t\t\t\t\t<div class=\"elementor-field-type-text elementor-field-group elementor-column elementor-field-group-nombre elementor-col-100 elementor-field-required\">\n\t\t\t\t\t\t\t\t\t\t\t\t<label for=\"form-field-nombre\" class=\"elementor-field-label\">\n\t\t\t\t\t\t\t\tNom*\t\t\t\t\t\t\t<\/label>\n\t\t\t\t\t\t\t\t\t\t\t\t\t\t<input size=\"1\" type=\"text\" name=\"form_fields[nombre]\" id=\"form-field-nombre\" class=\"elementor-field elementor-size-sm  elementor-field-textual\" required=\"required\">\n\t\t\t\t\t\t\t\t\t\t\t<\/div>\n\t\t\t\t\t\t\t\t<div class=\"elementor-field-type-email elementor-field-group elementor-column elementor-field-group-email elementor-col-100 elementor-field-required\">\n\t\t\t\t\t\t\t\t\t\t\t\t<label for=\"form-field-email\" class=\"elementor-field-label\">\n\t\t\t\t\t\t\t\tEmail*\t\t\t\t\t\t\t<\/label>\n\t\t\t\t\t\t\t\t\t\t\t\t\t\t<input size=\"1\" type=\"email\" name=\"form_fields[email]\" id=\"form-field-email\" class=\"elementor-field elementor-size-sm  elementor-field-textual\" required=\"required\">\n\t\t\t\t\t\t\t\t\t\t\t<\/div>\n\t\t\t\t\t\t\t\t<div class=\"elementor-field-type-textarea elementor-field-group elementor-column elementor-field-group-mensaje elementor-col-100 elementor-field-required\">\n\t\t\t\t\t\t\t\t\t\t\t\t<label for=\"form-field-mensaje\" class=\"elementor-field-label\">\n\t\t\t\t\t\t\t\tMessage*\t\t\t\t\t\t\t<\/label>\n\t\t\t\t\t\t<textarea class=\"elementor-field-textual elementor-field  elementor-size-sm\" name=\"form_fields[mensaje]\" id=\"form-field-mensaje\" rows=\"4\" required=\"required\"><\/textarea>\t\t\t\t<\/div>\n\t\t\t\t\t\t\t\t<div class=\"elementor-field-type-tel elementor-field-group elementor-column elementor-field-group-telefono elementor-col-100 elementor-field-required\">\n\t\t\t\t\t\t\t\t\t\t\t\t<label for=\"form-field-telefono\" class=\"elementor-field-label\">\n\t\t\t\t\t\t\t\tT\u00c9L\u00c9PHONE*\t\t\t\t\t\t\t<\/label>\n\t\t\t\t\t\t\t\t<input size=\"1\" type=\"tel\" name=\"form_fields[telefono]\" id=\"form-field-telefono\" class=\"elementor-field elementor-size-sm  elementor-field-textual\" placeholder=\"+34\" value=\"+34\" required=\"required\" pattern=\"[0-9()#&amp;+*-=.]+\" title=\"Solo se aceptan n\u00fameros y caracteres de tel\u00e9fono (#,-,*,etc).\">\n\n\t\t\t\t\t\t<\/div>\n\t\t\t\t\t\t\t\t<div class=\"elementor-field-type-acceptance elementor-field-group elementor-column elementor-field-group-field_5c73d5e elementor-col-100 elementor-field-required\">\n\t\t\t\t\t\t\t<div class=\"elementor-field-subgroup\">\n\t\t\t<span class=\"elementor-field-option\">\n\t\t\t\t<input type=\"checkbox\" name=\"form_fields[field_5c73d5e]\" id=\"form-field-field_5c73d5e\" class=\"elementor-field elementor-size-sm  elementor-acceptance-field\" required=\"required\">\n\t\t\t\t<label for=\"form-field-field_5c73d5e\">J'ai lu et j'accepte les termes et conditions<\/label>\t\t\t<\/span>\n\t\t<\/div>\n\t\t\t\t\t\t<\/div>\n\t\t\t\t\t\t\t\t<div class=\"elementor-field-group elementor-column elementor-field-type-submit elementor-col-40 e-form__buttons\">\n\t\t\t\t\t<button class=\"elementor-button elementor-size-sm\" type=\"submit\">\n\t\t\t\t\t\t<span class=\"elementor-button-content-wrapper\">\n\t\t\t\t\t\t\t\t\t\t\t\t\t\t\t\t\t\t\t\t\t\t<span class=\"elementor-button-text\">Envoyer<\/span>\n\t\t\t\t\t\t\t\t\t\t\t\t\t<\/span>\n\t\t\t\t\t<\/button>\n\t\t\t\t<\/div>\n\t\t\t<\/div>\n\t\t<\/form>\n\t\t\t\t\t\t<\/div>\n\t\t\t\t<\/div>\n\t\t<div class=\"elementor-element elementor-element-8e43ea7 e-con-full e-flex e-con e-child\" data-id=\"8e43ea7\" data-element_type=\"container\" data-e-type=\"container\">\n\t\t\t\t<div class=\"elementor-element elementor-element-f152dbb elementor-widget elementor-widget-google_maps\" data-id=\"f152dbb\" data-element_type=\"widget\" data-e-type=\"widget\" data-widget_type=\"google_maps.default\">\n\t\t\t\t\t\t\t<div class=\"elementor-custom-embed\">\n\t\t\t<iframe loading=\"lazy\"\n\t\t\t\t\tsrc=\"https:\/\/maps.google.com\/maps?q=Bodega%20Laus&#038;t=m&#038;z=16&#038;output=embed&#038;iwloc=near\"\n\t\t\t\t\ttitle=\"Bodega Laus\"\n\t\t\t\t\taria-label=\"Bodega Laus\"\n\t\t\t><\/iframe>\n\t\t<\/div>\n\t\t\t\t\t\t<\/div>\n\t\t\t\t<\/div>\n\t\t\t\t<\/div>\n\t\t\t\t<\/div>\n\t\t","protected":false},"excerpt":{"rendered":"<p>CONTACT Venez visiter le domaine viticole et laissez-vous surprendre par le paysage. LAUS Nature Venez nous visiter Si vous souhaitez visiter notre cave et que nous devons adapter la visite \u00e0 vos besoins, n&#8217;h\u00e9sitez pas \u00e0 nous contacter. Venez nous visiter EMAIL enoturismo.laus@grupoenate.es T\u00c9L\u00c9PHONE T.\u00a0+34\u00a0974 269 708 LOCALISATION Carretera N240 Km 154,8 Barbastro 22300 Huesca, [&hellip;]<\/p>\n","protected":false},"author":1,"featured_media":0,"parent":0,"menu_order":0,"comment_status":"closed","ping_status":"closed","template":"elementor_header_footer","meta":{"footnotes":""},"tags":[],"class_list":["post-1787","page","type-page","status-publish","hentry"],"yoast_head":"<!-- This site is optimized with the Yoast SEO plugin v27.2 - https:\/\/yoast.com\/product\/yoast-seo-wordpress\/ -->\n<title>Contact - fr<\/title>\n<meta name=\"robots\" content=\"index, follow, max-snippet:-1, max-image-preview:large, max-video-preview:-1\" \/>\n<link rel=\"canonical\" href=\"https:\/\/www.bodegalaus.es\/fr\/contact\/\" \/>\n<meta property=\"og:locale\" content=\"es_ES\" \/>\n<meta property=\"og:type\" content=\"article\" \/>\n<meta property=\"og:title\" content=\"Contact - fr\" \/>\n<meta property=\"og:description\" content=\"CONTACT Venez visiter le domaine viticole et laissez-vous surprendre par le paysage. LAUS Nature Venez nous visiter Si vous souhaitez visiter notre cave et que nous devons adapter la visite \u00e0 vos besoins, n&#8217;h\u00e9sitez pas \u00e0 nous contacter. Venez nous visiter EMAIL enoturismo.laus@grupoenate.es T\u00c9L\u00c9PHONE T.\u00a0+34\u00a0974 269 708 LOCALISATION Carretera N240 Km 154,8 Barbastro 22300 Huesca, [&hellip;]\" \/>\n<meta property=\"og:url\" content=\"https:\/\/www.bodegalaus.es\/fr\/contact\/\" \/>\n<meta property=\"og:site_name\" content=\"fr\" \/>\n<meta property=\"article:modified_time\" content=\"2026-02-20T00:32:45+00:00\" \/>\n<meta property=\"og:image\" content=\"https:\/\/new.bodegalaus.es\/fr\/wp-content\/uploads\/sites\/3\/2026\/02\/fondo-flores-contacto-1.png\" \/>\n<meta name=\"twitter:card\" content=\"summary_large_image\" \/>\n<script type=\"application\/ld+json\" class=\"yoast-schema-graph\">{\"@context\":\"https:\/\/schema.org\",\"@graph\":[{\"@type\":\"WebPage\",\"@id\":\"https:\/\/www.bodegalaus.es\/fr\/contact\/\",\"url\":\"https:\/\/www.bodegalaus.es\/fr\/contact\/\",\"name\":\"Contact - fr\",\"isPartOf\":{\"@id\":\"https:\/\/www.bodegalaus.es\/fr\/#website\"},\"primaryImageOfPage\":{\"@id\":\"https:\/\/www.bodegalaus.es\/fr\/contact\/#primaryimage\"},\"image\":{\"@id\":\"https:\/\/www.bodegalaus.es\/fr\/contact\/#primaryimage\"},\"thumbnailUrl\":\"https:\/\/new.bodegalaus.es\/fr\/wp-content\/uploads\/sites\/3\/2026\/02\/fondo-flores-contacto-1.png\",\"datePublished\":\"2025-02-24T09:35:10+00:00\",\"dateModified\":\"2026-02-20T00:32:45+00:00\",\"breadcrumb\":{\"@id\":\"https:\/\/www.bodegalaus.es\/fr\/contact\/#breadcrumb\"},\"inLanguage\":\"es\",\"potentialAction\":[{\"@type\":\"ReadAction\",\"target\":[\"https:\/\/www.bodegalaus.es\/fr\/contact\/\"]}]},{\"@type\":\"ImageObject\",\"inLanguage\":\"es\",\"@id\":\"https:\/\/www.bodegalaus.es\/fr\/contact\/#primaryimage\",\"url\":\"https:\/\/new.bodegalaus.es\/fr\/wp-content\/uploads\/sites\/3\/2026\/02\/fondo-flores-contacto-1.png\",\"contentUrl\":\"https:\/\/new.bodegalaus.es\/fr\/wp-content\/uploads\/sites\/3\/2026\/02\/fondo-flores-contacto-1.png\"},{\"@type\":\"BreadcrumbList\",\"@id\":\"https:\/\/www.bodegalaus.es\/fr\/contact\/#breadcrumb\",\"itemListElement\":[{\"@type\":\"ListItem\",\"position\":1,\"name\":\"Portada\",\"item\":\"https:\/\/www.bodegalaus.es\/fr\/\"},{\"@type\":\"ListItem\",\"position\":2,\"name\":\"Contact\"}]},{\"@type\":\"WebSite\",\"@id\":\"https:\/\/www.bodegalaus.es\/fr\/#website\",\"url\":\"https:\/\/www.bodegalaus.es\/fr\/\",\"name\":\"fr\",\"description\":\"\",\"potentialAction\":[{\"@type\":\"SearchAction\",\"target\":{\"@type\":\"EntryPoint\",\"urlTemplate\":\"https:\/\/www.bodegalaus.es\/fr\/?s={search_term_string}\"},\"query-input\":{\"@type\":\"PropertyValueSpecification\",\"valueRequired\":true,\"valueName\":\"search_term_string\"}}],\"inLanguage\":\"es\"}]}<\/script>\n<!-- \/ Yoast SEO plugin. -->","yoast_head_json":{"title":"Contact - fr","robots":{"index":"index","follow":"follow","max-snippet":"max-snippet:-1","max-image-preview":"max-image-preview:large","max-video-preview":"max-video-preview:-1"},"canonical":"https:\/\/www.bodegalaus.es\/fr\/contact\/","og_locale":"es_ES","og_type":"article","og_title":"Contact - fr","og_description":"CONTACT Venez visiter le domaine viticole et laissez-vous surprendre par le paysage. LAUS Nature Venez nous visiter Si vous souhaitez visiter notre cave et que nous devons adapter la visite \u00e0 vos besoins, n&#8217;h\u00e9sitez pas \u00e0 nous contacter. Venez nous visiter EMAIL enoturismo.laus@grupoenate.es T\u00c9L\u00c9PHONE T.\u00a0+34\u00a0974 269 708 LOCALISATION Carretera N240 Km 154,8 Barbastro 22300 Huesca, [&hellip;]","og_url":"https:\/\/www.bodegalaus.es\/fr\/contact\/","og_site_name":"fr","article_modified_time":"2026-02-20T00:32:45+00:00","og_image":[{"url":"https:\/\/new.bodegalaus.es\/fr\/wp-content\/uploads\/sites\/3\/2026\/02\/fondo-flores-contacto-1.png","type":"","width":"","height":""}],"twitter_card":"summary_large_image","schema":{"@context":"https:\/\/schema.org","@graph":[{"@type":"WebPage","@id":"https:\/\/www.bodegalaus.es\/fr\/contact\/","url":"https:\/\/www.bodegalaus.es\/fr\/contact\/","name":"Contact - fr","isPartOf":{"@id":"https:\/\/www.bodegalaus.es\/fr\/#website"},"primaryImageOfPage":{"@id":"https:\/\/www.bodegalaus.es\/fr\/contact\/#primaryimage"},"image":{"@id":"https:\/\/www.bodegalaus.es\/fr\/contact\/#primaryimage"},"thumbnailUrl":"https:\/\/new.bodegalaus.es\/fr\/wp-content\/uploads\/sites\/3\/2026\/02\/fondo-flores-contacto-1.png","datePublished":"2025-02-24T09:35:10+00:00","dateModified":"2026-02-20T00:32:45+00:00","breadcrumb":{"@id":"https:\/\/www.bodegalaus.es\/fr\/contact\/#breadcrumb"},"inLanguage":"es","potentialAction":[{"@type":"ReadAction","target":["https:\/\/www.bodegalaus.es\/fr\/contact\/"]}]},{"@type":"ImageObject","inLanguage":"es","@id":"https:\/\/www.bodegalaus.es\/fr\/contact\/#primaryimage","url":"https:\/\/new.bodegalaus.es\/fr\/wp-content\/uploads\/sites\/3\/2026\/02\/fondo-flores-contacto-1.png","contentUrl":"https:\/\/new.bodegalaus.es\/fr\/wp-content\/uploads\/sites\/3\/2026\/02\/fondo-flores-contacto-1.png"},{"@type":"BreadcrumbList","@id":"https:\/\/www.bodegalaus.es\/fr\/contact\/#breadcrumb","itemListElement":[{"@type":"ListItem","position":1,"name":"Portada","item":"https:\/\/www.bodegalaus.es\/fr\/"},{"@type":"ListItem","position":2,"name":"Contact"}]},{"@type":"WebSite","@id":"https:\/\/www.bodegalaus.es\/fr\/#website","url":"https:\/\/www.bodegalaus.es\/fr\/","name":"fr","description":"","potentialAction":[{"@type":"SearchAction","target":{"@type":"EntryPoint","urlTemplate":"https:\/\/www.bodegalaus.es\/fr\/?s={search_term_string}"},"query-input":{"@type":"PropertyValueSpecification","valueRequired":true,"valueName":"search_term_string"}}],"inLanguage":"es"}]}},"_links":{"self":[{"href":"https:\/\/www.bodegalaus.es\/fr\/wp-json\/wp\/v2\/pages\/1787","targetHints":{"allow":["GET"]}}],"collection":[{"href":"https:\/\/www.bodegalaus.es\/fr\/wp-json\/wp\/v2\/pages"}],"about":[{"href":"https:\/\/www.bodegalaus.es\/fr\/wp-json\/wp\/v2\/types\/page"}],"author":[{"embeddable":true,"href":"https:\/\/www.bodegalaus.es\/fr\/wp-json\/wp\/v2\/users\/1"}],"replies":[{"embeddable":true,"href":"https:\/\/www.bodegalaus.es\/fr\/wp-json\/wp\/v2\/comments?post=1787"}],"version-history":[{"count":41,"href":"https:\/\/www.bodegalaus.es\/fr\/wp-json\/wp\/v2\/pages\/1787\/revisions"}],"predecessor-version":[{"id":3201,"href":"https:\/\/www.bodegalaus.es\/fr\/wp-json\/wp\/v2\/pages\/1787\/revisions\/3201"}],"wp:attachment":[{"href":"https:\/\/www.bodegalaus.es\/fr\/wp-json\/wp\/v2\/media?parent=1787"}],"wp:term":[{"taxonomy":"post_tag","embeddable":true,"href":"https:\/\/www.bodegalaus.es\/fr\/wp-json\/wp\/v2\/tags?post=1787"}],"curies":[{"name":"wp","href":"https:\/\/api.w.org\/{rel}","templated":true}]}}