{"id":2818,"date":"2025-05-05T23:28:08","date_gmt":"2025-05-05T21:28:08","guid":{"rendered":"https:\/\/new.bodegalaus.es\/fr\/?page_id=2818"},"modified":"2025-05-05T23:36:52","modified_gmt":"2025-05-05T21:36:52","slug":"legal","status":"publish","type":"page","link":"https:\/\/www.bodegalaus.es\/fr\/legal\/","title":{"rendered":"Aviso Legal"},"content":{"rendered":"\t\t<div data-elementor-type=\"wp-page\" data-elementor-id=\"2818\" class=\"elementor elementor-2818\" data-elementor-post-type=\"page\">\n\t\t\t\t<div class=\"elementor-element elementor-element-c9123e e-flex e-con-boxed e-con e-parent\" data-id=\"c9123e\" data-element_type=\"container\" data-e-type=\"container\" data-settings=\"{&quot;background_background&quot;:&quot;classic&quot;}\">\n\t\t\t\t\t<div class=\"e-con-inner\">\n\t\t\t\t<div class=\"elementor-element elementor-element-024d968 elementor-widget elementor-widget-heading\" data-id=\"024d968\" data-element_type=\"widget\" data-e-type=\"widget\" data-widget_type=\"heading.default\">\n\t\t\t\t\t<h1 class=\"elementor-heading-title elementor-size-default\">Aviso Legal<\/h1>\t\t\t\t<\/div>\n\t\t\t\t<div class=\"elementor-element elementor-element-3b5cb724 elementor-widget elementor-widget-text-editor\" data-id=\"3b5cb724\" data-element_type=\"widget\" data-e-type=\"widget\" data-widget_type=\"text-editor.default\">\n\t\t\t\t\t\t\t\t\t\n<p>De acuerdo con las obligaciones previstas en la Ley 34\/2002, de 11 de Julio, de servicios de la sociedad de la informaci\u00f3n y de comercio electr\u00f3nico (en adelante LSSICE), la sociedad mercantil BODEGAS LAUS, S.L. pone a disposici\u00f3n la siguiente informaci\u00f3n:<\/p>\n<h2 class=\"wp-block-heading\"><strong>Datos identificativos de la entidad gestora del sitio web<\/strong><\/h2>\n<p>BODEGAS LAUS, S.L. se identifica como prestador de servicios y titular de la p\u00e1gina web <a href=\"http:\/\/www.bodegalaus.es\">www.bodegalaus.es<\/a>, en la que ofrece servicios de informaci\u00f3n y venta de sus actividades y productos relacionados con el sector <strong>de elaboraci\u00f3n de vinos<\/strong><\/p>\n<p><strong>DATOS EMPRESA:<\/strong> La empresa BODEGAS LAUS, S.L. con CIF B-22257653, est\u00e1 inscrita en el Registro Mercantil de Huesca, tomo 475, libro 300, secci\u00f3n 8\u00aa, folio 87, hoja HU-6435. Inscripci\u00f3n 1\u00aa, con domicilio social en Ctra. N-240, Km 154, 22300 Barbastro (Huesca), tel\u00e9fono n\u00ba: 974 269 708 y direcci\u00f3n de correo electr\u00f3nico: <a href=\"mailto:bodega.laus@grupoenate.es\">bodega.laus@grupoenate.es<\/a>.<\/p>\n<h2><strong>1. Acceso y utilizaci\u00f3n del Sitio Web<\/strong><\/h2>\n<h3><strong>1.1 ACCESO AL SITIO WEB<\/strong><\/h3>\n<p>El presente Aviso Legal regula el acceso y utilizaci\u00f3n del Sitio Web <a href=\"http:\/\/www.bodegalaus.es\">www.bodegalaus.es<\/a>, que BODEGAS LAUS, S.L. pone a disposici\u00f3n de los usuarios de internet, y tiene por objeto facilitar al usuario informaci\u00f3n relativa a BODEGAS LAUS, S.L., sus actividades y productos relacionados con el sector de elaboraci\u00f3n de vinos. El acceso al Sitio Web conlleva la aceptaci\u00f3n del presente Aviso Legal, por lo que rogamos que las lea atentamente antes de hacer uso del mismo. Si no acepta el presente aviso, le rogamos se abstenga de utilizar el Sitio Web y su contenido.<\/p>\n<p>Asimismo, BODEGAS LAUS, S.L. pone en conocimiento de los usuarios de este Sitio Web que este Aviso Legal podr\u00e1 ser adaptado o modificado en cualquier momento sin notificaci\u00f3n previa. En consecuencia, el usuario deber\u00e1 leer y aceptar el presente Aviso Legal en cada una de las ocasiones en que desee utilizar el Sitio Web.<\/p>\n<p><strong>1.2 UTILIZACI\u00d3N DEL SITIO WEB<\/strong><\/p>\n<p>El usuario se compromete a hacer un uso diligente del Sitio Web, as\u00ed como de la informaci\u00f3n relativa a los productos contenida en el mismo, con total sujeci\u00f3n tanto a la normativa aplicable como al presente Aviso Legal.<\/p>\n<p>\u00a0<\/p>\n<h2><strong>2. Exoneraci\u00f3n de responsabilidad<\/strong><\/h2>\n<h3><strong>\u00a02.1 <\/strong><strong>FUNCIONAMIENTO DEL SITIO WEB<\/strong><\/h3>\n<p>BODEGAS LAUS, S.L. hace sus mejores esfuerzos para mantener el Sitio Web en buen funcionamiento, evitando errores o, en su caso, repar\u00e1ndolos, y manteniendo los contenidos del Sitio Web debidamente actualizados. No obstante, BODEGAS LAUS, S.L. no garantiza la disponibilidad y continuidad en el acceso al Sitio Web ni la inexistencia de errores en sus contenidos, as\u00ed como tampoco que estos \u00faltimos sean oportunamente actualizados.<\/p>\n<h3><strong>2.2 MODIFICACIONES EN LA INFORMACI\u00d3N DEL SITIO WEB<\/strong><\/h3>\n<p>BODEGAS LAUS, S.L. se reserva la facultad de efectuar, en cualquier momento y sin necesidad de previo aviso, modificaciones, supresiones o actualizaciones sobre la informaci\u00f3n contenida en el Sitio Web, su configuraci\u00f3n o presentaci\u00f3n.<\/p>\n<h3><strong>2.3 USO DE LA INFORMACI\u00d3N CONTENIDA EN EL SITIO WEB<\/strong><\/h3>\n<p>Tanto el acceso al Sitio Web como el uso que pueda hacerse de cualquier informaci\u00f3n que contiene, especialmente la relativa a la idoneidad y el buen uso de los productos de BODEGAS LAUS, S.L. se realizan bajo la responsabilidad exclusiva del usuario. BODEGAS LAUS, S.L. no se responsabiliza de cualesquiera da\u00f1os o perjuicios que pudieran derivarse, directa o indirectamente, del acceso o uso de la informaci\u00f3n contenida en el Sitio Web, y especialmente, de aquella informaci\u00f3n relativa a terceros distintos de BODEGAS LAUS, S.L.\u00a0 En concreto, BODEGAS LAUS, S.L. deja expresa constancia de que toda la informaci\u00f3n relativa a las especificaciones y condiciones de uso de sus productos contenida en el Sitio Web no sustituye a las condiciones generales y\/o particulares de contrataci\u00f3n de BODEGAS LAUS, S.L. y a toda aquella informaci\u00f3n facilitada junto con los productos adquiridos en forma presencial, a las que deber\u00e1 remitirse el usuario para la adquisici\u00f3n y el correcto uso de los mismos, por lo que se recuerda al usuario la necesidad de proceder a la lectura atenta de toda la documentaci\u00f3n acompa\u00f1ada a los productos o servicios adquiridos. Asimismo, BODEGAS LAUS, S.L. manifiesta que la informaci\u00f3n gratuita suministrada al usuario como resultado de las consultas espec\u00edficas relativas a los productos o servicios ofrecidos en el Sitio Web tiene car\u00e1cter meramente indicativo, por lo que no asume responsabilidad alguna derivada de cualesquiera da\u00f1os o perjuicios que pudieran derivarse, directa o indirectamente, de la utilizaci\u00f3n por parte del usuario de dicha informaci\u00f3n suministrada. En particular, BODEGAS LAUS, S.L. deja expresa constancia de que dicha informaci\u00f3n no constituye una opini\u00f3n t\u00e9cnica emitida con base a todos los datos relevantes requeridos. Adicionalmente, BODEGAS LAUS, S.L. no se hace responsable de ning\u00fan da\u00f1o o perjuicio en el software o hardware del usuario que se derive del acceso al Sitio Web.<\/p>\n<h2><strong>3. Obligaciones del usuario<\/strong><\/h2>\n<p>El usuario se obliga a usar los contenidos de la p\u00e1gina Web de forma diligente, correcta y l\u00edcita y se compromete a abstenerse de:<\/p>\n<ol>\n<li>Utilizar los contenidos con fines o efectos contrarios a la Ley, a la moral y a las buenas costumbres o al orden p\u00fablico.<\/li>\n<li>Reproducir, copiar, distribuir, permitir el acceso del p\u00fablico a trav\u00e9s de cualquier modalidad de comunicaci\u00f3n p\u00fablica, transformar o modificar los contenidos, a manos que se cuente con la correspondiente autorizaci\u00f3n de su titular<\/li>\n<li>Utilizar los contenidos de la p\u00e1gina Web para remitir publicidad, comunicaciones con fines de venta directa o con cualquier otra clase de finalidad comercial, mensajes no solicitados dirigidos a una pluralidad de personas, con independencia de su finalidad, as\u00ed como a abstenerse de comercializar o divulgar de cualquier modo dicha informaci\u00f3n.<\/li>\n<li>Utilizar los v\u00ednculos, invitaciones a redes sociales, blogs y cualesquiera redes y medios telem\u00e1ticos facilitados a trav\u00e9s de esta Web de forma il\u00edcita.<\/li>\n<\/ol>\n<h2><strong>4. Pol\u00edtica de enlaces<\/strong><\/h2>\n<p>Queda expresamente prohibida la introducci\u00f3n de hiperenlaces o dispositivos t\u00e9cnicos de enlace (p.e. links, banners o botones) con fines mercantiles en p\u00e1ginas web ajenas a BODEGAS LAUS, S.L., que permitan el acceso al presente dominio, sin el consentimiento previo y por escrito de\u00a0BODEGAS LAUS, S.L. En todo caso, la existencia de tales hiperenlaces, no implicar\u00e1, en ning\u00fan caso, la existencia de relaciones comerciales o mercantiles con el titular de la p\u00e1gina web donde se establezca el hiperenlace, ni la aceptaci\u00f3n por parte de\u00a0BODEGAS LAUS, S.L. de sus contenidos o servicios.<\/p>\n<p>En todo caso,\u00a0BODEGAS LAUS, S.L. se reserva el derecho de prohibir o inutilizar en cualquier momento cualquier hiperenlace o dispositivo t\u00e9cnico de enlace (p.e. links, banners o botones) a su sitio web, especialmente, en los supuestos de ilicitud de la actividad o contenidos del sitio web en que se incluye el hiperenlace o en el dispositivo t\u00e9cnico de enlace.<\/p>\n<p>Por otro lado,\u00a0BODEGAS LAUS, S.L. no garantiza ni asume ning\u00fan tipo de responsabilidad por los da\u00f1os y perjuicios sufridos por el acceso a contenidos de terceros a trav\u00e9s de las posibles conexiones, v\u00ednculos o links de los sitios enlazados desde el Website. La funci\u00f3n que, en su caso, podr\u00edan tener tales hiperenlaces o dispositivos t\u00e9cnicos de enlace (p.e. links, banners o botones) es exclusivamente la de informar a los usuarios sobre la existencia de otras fuentes de informaci\u00f3n u otros contenidos y servicios de Internet.\u00a0BODEGAS LAUS, S.L. no ser\u00e1 en ning\u00fan caso responsable del resultado obtenido a trav\u00e9s de dichos hiperenlaces o dispositivos t\u00e9cnicos de enlace (p.e. links o botones) o de las consecuencias que se deriven del acceso por los usuarios a los mismos (sitios enlazados). Estos contenidos de terceros son proporcionados por \u00e9stos, por lo que\u00a0BODEGAS LAUS, S.L. no puede controlar la licitud de tales contenidos ni la calidad de los servicios ofrecidos en los mismos.<\/p>\n<p>BODEGAS LAUS, S.L.,<strong>\u00a0<\/strong>no ofrece ni comercializa por s\u00ed y\/o por medio de terceros la informaci\u00f3n, contenidos y servicios disponibles en los sitios web enlazados, ni aprueba, supervisa o controla de modo alguno los contenidos y servicios as\u00ed como cualquier material de cualquier naturaleza existente en los mismos, asumiendo el Usuario de manera exclusiva toda la responsabilidad de la navegaci\u00f3n a trav\u00e9s de los mismos.<\/p>\n<h2><strong>5. Protecci\u00f3n de datos personales<\/strong><\/h2>\n<p>En cumplimiento de lo previsto en la Ley Org\u00e1nica de Protecci\u00f3n de Datos y Garant\u00eda de derechos digitales (LOPD) 3\/2018, de 5 de diciembre, al haber respondido afirmativamente a su incorporaci\u00f3n a la base de datos, resultan informados y otorgan su consentimiento a que los datos que voluntariamente nos ha facilitado a trav\u00e9s del presente formulario, sean incorporados a un fichero titularidad de BODEGAS LAUS, S.L. con la finalidad de remitirle comunicaciones de marketing y comerciales para la oferta, promoci\u00f3n y contrataci\u00f3n de productos y servicios por parte de BODEGAS LAUS, S.L.; tanto por correo electr\u00f3nico, tel\u00e9fono, SMS o env\u00edo postal.<\/p>\n<p>Con los mismos fines usted autoriza la cesi\u00f3n a las empresas que conforman el Grupo \u2013 (Bodega ENATE, Bodega LAUS y Las Moradas de San Mart\u00edn).<\/p>\n<p>Ejercicio de sus derechos: Vd. podr\u00e1 ejercitar los derechos de acceso, rectificaci\u00f3n, cancelaci\u00f3n, oposici\u00f3n, supresi\u00f3n o portabilidad respecto de los datos personales obrantes en el referido fichero, dirigi\u00e9ndose a tal efecto a su responsable en el domicilio que se indica del mismo. Ctra. N-240, Km 154, 22300 Barbastro o a la direcci\u00f3n de correo electr\u00f3nico: <a href=\"mailto:bodega.laus@grupoenate.es\">bodega.laus@grupoenate.es<\/a>.<\/p>\n<p>El Sitio Web no est\u00e1 dirigido a menores de 18 a\u00f1os, y por consiguiente deber\u00e1n abstenerse de facilitar cualquier informaci\u00f3n de car\u00e1cter personal. Para ello, BODEGAS LAUS, S.L. se reserva el derecho a comprobar en cualquier momento la edad de los usuarios del Sitio Web.<\/p>\n<p>Las finalidades de la recogida de sus Datos de Car\u00e1cter Personal son las siguientes: (i) suministrar los productos que Usted haya solicitado; (ii) comunicarnos con Usted en relaci\u00f3n con su cuenta, con temas relacionados con el servicio de atenci\u00f3n al cliente y con los servicios y productos de la web; (iii) realizaci\u00f3n de actividades de publicidad y prospecci\u00f3n comercial, incluido el env\u00edo de comunicaciones comerciales ajustadas a su perfil personal por cualquier medio, incluida la v\u00eda electr\u00f3nica, sobre nuestros productos y servicios y; (iv) para garantizar el funcionamiento t\u00e9cnico de la Aplicaci\u00f3n y Sitio Web.<\/p>\n<p>BODEGAS LAUS, S.L. le informa de que tiene implantadas las medidas de seguridad de \u00edndole t\u00e9cnica y organizativas necesarias que garanticen la seguridad de sus Datos de Car\u00e1cter Personal y eviten su alteraci\u00f3n, p\u00e9rdida, tratamiento y\/o acceso no autorizado, habida cuenta del estado de la tecnolog\u00eda, la naturaleza de los datos almacenados y los riesgos a que est\u00e1n expuestos, ya provengan de la acci\u00f3n humana o del medio f\u00edsico o natural.<\/p>\n<h2><strong>6. Propiedad Industrial Intelectual<\/strong><\/h2>\n<h3><strong>6.1 BODEGAS LAUS, S.L. RESERVA DE DERECHOS<\/strong><\/h3>\n<p>Todas las marcas que aparecen en esta p\u00e1gina web, y en particular las marcas, nombres comerciales, dise\u00f1os industriales, dise\u00f1os, textos, fotograf\u00edas, gr\u00e1ficos, logotipos, iconos, software o cualesquiera otros signos susceptibles de utilizaci\u00f3n industrial y comercial, est\u00e1n protegidos por derechos de propiedad industrial e intelectual de BODEGAS LAUS, S.L. o de terceros titulares de los mismos que han autorizado su inclusi\u00f3n en la p\u00e1gina Web. Queda por tanto prohibida cualquier utilizaci\u00f3n, y\/o reproducci\u00f3n de los mismos sin consentimiento expreso de BODEGAS LAUS, S.L. a trav\u00e9s de cualquier medio, incluyendo internet\u00a0 (nombres de dominio, redes sociales, blogs\u2026)<\/p>\n<p>La utilizaci\u00f3n no autorizada de los contenidos de este Sitio Web, as\u00ed como los perjuicios ocasionados en los derechos de propiedad intelectual e industrial de BODEGAS LAUS, S.L. pueden dar lugar al ejercicio de las acciones que legalmente correspondan, y a las responsabilidades que, en su caso, se deriven del mismo. En consecuencia, en caso de querer obtener cualquier autorizaci\u00f3n, deber\u00e1 solicitarla a la siguiente direcci\u00f3n de correo electr\u00f3nico: <a href=\"mailto:bodega.laus@grupoenate.es\">bodega.laus@grupoenate.es<\/a>.<\/p>\n<h2><strong>7. Pol\u00edtica de cookies <\/strong><\/h2>\n<p>Vid. pol\u00edtica de cookies<\/p>\n<h2><strong>8. Responsabilidad de BODEGAS LAUS, S.L. <\/strong><\/h2>\n<p>El Usuario reconoce y acepta que la utilizaci\u00f3n de la p\u00e1gina Web y de sus servicios se realiza bajo su entera responsabilidad.<\/p>\n<p>En aquellos apartados de la Web en los que los usuarios puedan aportar contenidos, BODEGAS LAUS, S.L. se reserva el derecho de suprimir aquellos que puedan afectar negativamente a sus marcas o ser contrarios a la Ley, el orden p\u00fablico o las buenas costumbres.<\/p>\n<p>BODEGAS LAUS, S.L. \u00fanicamente responder\u00e1 de los da\u00f1os que el Usuario pueda sufrir como consecuencia de la utilizaci\u00f3n de la p\u00e1gina Web cuando dichos da\u00f1os sean imputables a una actuaci\u00f3n dolosa de BODEGAS LAUS, S.L. No obstante, BODEGAS LAUS, S.L. declara haber adoptado todas las medidas necesarias, dentro de sus posibilidades y del estado de la tecnolog\u00eda, para garantizar el funcionamiento de la p\u00e1gina Web y evitar la existencia y transmisi\u00f3n de virus y otros componentes que puedan perjudicar al Usuario.<\/p>\n<h2><strong>9. Legislaci\u00f3n aplicable y jurisdicci\u00f3n<\/strong><\/h2>\n<p>El acceso y utilizaci\u00f3n del Sitio Web se regir\u00e1 e interpretar\u00e1 de conformidad con la legislaci\u00f3n espa\u00f1ola. Cualquier controversia que pudiera surgir entre BODEGAS LAUS, S.L. y los usuarios del Sitio Web, ser\u00e1 dirimida, con renuncia expresa de las Partes a su propio fuero, por los Juzgados y Tribunales de la ciudad de Barbastro.<\/p>\n<h2>10. <strong>Plataforma de resoluci\u00f3n de litigios en l\u00ednea\u00a0<\/strong><\/h2>\n<p>Conforme al art\u00edculo 14.1 del Reglamento 524\/2013 sobre resoluci\u00f3n de litigios en l\u00ednea en materia de consumo, le informamos de la existencia de una plataforma de resoluci\u00f3n de litigios en l\u00ednea facilitada por la Comisi\u00f3n Europea, as\u00ed como de la posibilidad de presentar su reclamaci\u00f3n a trav\u00e9s de la misma accediendo al siguiente enlace:<\/p>\n<p><a href=\"https:\/\/ec.europa.eu\/consumers\/odr\/main\/index.cfm?event=main.home.chooseLanguage\"><strong>https:\/\/ec.europa.eu\/consumers\/odr\/main\/index.cfm?event=main.home.chooseLanguage<\/strong><\/a><\/p>\n\t\t\t\t\t\t\t\t<\/div>\n\t\t\t\t\t<\/div>\n\t\t\t\t<\/div>\n\t\t\t\t<\/div>\n\t\t","protected":false},"excerpt":{"rendered":"<p>De acuerdo con las obligaciones previstas en la Ley 34\/2002, de 11 de Julio, de servicios de la sociedad de la informaci\u00f3n y de comercio electr\u00f3nico (en adelante LSSICE), la sociedad mercantil BODEGAS LAUS, S.L. pone a disposici\u00f3n la siguiente informaci\u00f3n: Datos identificativos de la entidad gestora del sitio web BODEGAS LAUS, S.L. se identifica [&hellip;]<\/p>\n","protected":false},"author":1,"featured_media":0,"parent":0,"menu_order":0,"comment_status":"closed","ping_status":"closed","template":"elementor_header_footer","meta":{"footnotes":""},"tags":[],"class_list":["post-2818","page","type-page","status-publish","hentry"],"yoast_head":"<!-- This site is optimized with the Yoast SEO plugin v27.2 - https:\/\/yoast.com\/product\/yoast-seo-wordpress\/ -->\n<title>Aviso Legal - fr<\/title>\n<meta name=\"robots\" content=\"index, follow, max-snippet:-1, max-image-preview:large, max-video-preview:-1\" \/>\n<link rel=\"canonical\" href=\"https:\/\/www.bodegalaus.es\/fr\/legal\/\" \/>\n<meta property=\"og:locale\" content=\"es_ES\" \/>\n<meta property=\"og:type\" content=\"article\" \/>\n<meta property=\"og:title\" content=\"Aviso Legal - fr\" \/>\n<meta property=\"og:description\" content=\"De acuerdo con las obligaciones previstas en la Ley 34\/2002, de 11 de Julio, de servicios de la sociedad de la informaci\u00f3n y de comercio electr\u00f3nico (en adelante LSSICE), la sociedad mercantil BODEGAS LAUS, S.L. pone a disposici\u00f3n la siguiente informaci\u00f3n: Datos identificativos de la entidad gestora del sitio web BODEGAS LAUS, S.L. se identifica [&hellip;]\" \/>\n<meta property=\"og:url\" content=\"https:\/\/www.bodegalaus.es\/fr\/legal\/\" \/>\n<meta property=\"og:site_name\" content=\"fr\" \/>\n<meta property=\"article:modified_time\" content=\"2025-05-05T21:36:52+00:00\" \/>\n<meta name=\"twitter:card\" content=\"summary_large_image\" \/>\n<meta name=\"twitter:label1\" content=\"Tiempo de lectura\" \/>\n\t<meta name=\"twitter:data1\" content=\"12 minutos\" \/>\n<script type=\"application\/ld+json\" class=\"yoast-schema-graph\">{\"@context\":\"https:\/\/schema.org\",\"@graph\":[{\"@type\":\"WebPage\",\"@id\":\"https:\/\/www.bodegalaus.es\/fr\/legal\/\",\"url\":\"https:\/\/www.bodegalaus.es\/fr\/legal\/\",\"name\":\"Aviso Legal - fr\",\"isPartOf\":{\"@id\":\"https:\/\/www.bodegalaus.es\/fr\/#website\"},\"datePublished\":\"2025-05-05T21:28:08+00:00\",\"dateModified\":\"2025-05-05T21:36:52+00:00\",\"breadcrumb\":{\"@id\":\"https:\/\/www.bodegalaus.es\/fr\/legal\/#breadcrumb\"},\"inLanguage\":\"es\",\"potentialAction\":[{\"@type\":\"ReadAction\",\"target\":[\"https:\/\/www.bodegalaus.es\/fr\/legal\/\"]}]},{\"@type\":\"BreadcrumbList\",\"@id\":\"https:\/\/www.bodegalaus.es\/fr\/legal\/#breadcrumb\",\"itemListElement\":[{\"@type\":\"ListItem\",\"position\":1,\"name\":\"Portada\",\"item\":\"https:\/\/www.bodegalaus.es\/fr\/\"},{\"@type\":\"ListItem\",\"position\":2,\"name\":\"Aviso Legal\"}]},{\"@type\":\"WebSite\",\"@id\":\"https:\/\/www.bodegalaus.es\/fr\/#website\",\"url\":\"https:\/\/www.bodegalaus.es\/fr\/\",\"name\":\"fr\",\"description\":\"\",\"potentialAction\":[{\"@type\":\"SearchAction\",\"target\":{\"@type\":\"EntryPoint\",\"urlTemplate\":\"https:\/\/www.bodegalaus.es\/fr\/?s={search_term_string}\"},\"query-input\":{\"@type\":\"PropertyValueSpecification\",\"valueRequired\":true,\"valueName\":\"search_term_string\"}}],\"inLanguage\":\"es\"}]}<\/script>\n<!-- \/ Yoast SEO plugin. -->","yoast_head_json":{"title":"Aviso Legal - fr","robots":{"index":"index","follow":"follow","max-snippet":"max-snippet:-1","max-image-preview":"max-image-preview:large","max-video-preview":"max-video-preview:-1"},"canonical":"https:\/\/www.bodegalaus.es\/fr\/legal\/","og_locale":"es_ES","og_type":"article","og_title":"Aviso Legal - fr","og_description":"De acuerdo con las obligaciones previstas en la Ley 34\/2002, de 11 de Julio, de servicios de la sociedad de la informaci\u00f3n y de comercio electr\u00f3nico (en adelante LSSICE), la sociedad mercantil BODEGAS LAUS, S.L. pone a disposici\u00f3n la siguiente informaci\u00f3n: Datos identificativos de la entidad gestora del sitio web BODEGAS LAUS, S.L. se identifica [&hellip;]","og_url":"https:\/\/www.bodegalaus.es\/fr\/legal\/","og_site_name":"fr","article_modified_time":"2025-05-05T21:36:52+00:00","twitter_card":"summary_large_image","twitter_misc":{"Tiempo de lectura":"12 minutos"},"schema":{"@context":"https:\/\/schema.org","@graph":[{"@type":"WebPage","@id":"https:\/\/www.bodegalaus.es\/fr\/legal\/","url":"https:\/\/www.bodegalaus.es\/fr\/legal\/","name":"Aviso Legal - fr","isPartOf":{"@id":"https:\/\/www.bodegalaus.es\/fr\/#website"},"datePublished":"2025-05-05T21:28:08+00:00","dateModified":"2025-05-05T21:36:52+00:00","breadcrumb":{"@id":"https:\/\/www.bodegalaus.es\/fr\/legal\/#breadcrumb"},"inLanguage":"es","potentialAction":[{"@type":"ReadAction","target":["https:\/\/www.bodegalaus.es\/fr\/legal\/"]}]},{"@type":"BreadcrumbList","@id":"https:\/\/www.bodegalaus.es\/fr\/legal\/#breadcrumb","itemListElement":[{"@type":"ListItem","position":1,"name":"Portada","item":"https:\/\/www.bodegalaus.es\/fr\/"},{"@type":"ListItem","position":2,"name":"Aviso Legal"}]},{"@type":"WebSite","@id":"https:\/\/www.bodegalaus.es\/fr\/#website","url":"https:\/\/www.bodegalaus.es\/fr\/","name":"fr","description":"","potentialAction":[{"@type":"SearchAction","target":{"@type":"EntryPoint","urlTemplate":"https:\/\/www.bodegalaus.es\/fr\/?s={search_term_string}"},"query-input":{"@type":"PropertyValueSpecification","valueRequired":true,"valueName":"search_term_string"}}],"inLanguage":"es"}]}},"_links":{"self":[{"href":"https:\/\/www.bodegalaus.es\/fr\/wp-json\/wp\/v2\/pages\/2818","targetHints":{"allow":["GET"]}}],"collection":[{"href":"https:\/\/www.bodegalaus.es\/fr\/wp-json\/wp\/v2\/pages"}],"about":[{"href":"https:\/\/www.bodegalaus.es\/fr\/wp-json\/wp\/v2\/types\/page"}],"author":[{"embeddable":true,"href":"https:\/\/www.bodegalaus.es\/fr\/wp-json\/wp\/v2\/users\/1"}],"replies":[{"embeddable":true,"href":"https:\/\/www.bodegalaus.es\/fr\/wp-json\/wp\/v2\/comments?post=2818"}],"version-history":[{"count":13,"href":"https:\/\/www.bodegalaus.es\/fr\/wp-json\/wp\/v2\/pages\/2818\/revisions"}],"predecessor-version":[{"id":2831,"href":"https:\/\/www.bodegalaus.es\/fr\/wp-json\/wp\/v2\/pages\/2818\/revisions\/2831"}],"wp:attachment":[{"href":"https:\/\/www.bodegalaus.es\/fr\/wp-json\/wp\/v2\/media?parent=2818"}],"wp:term":[{"taxonomy":"post_tag","embeddable":true,"href":"https:\/\/www.bodegalaus.es\/fr\/wp-json\/wp\/v2\/tags?post=2818"}],"curies":[{"name":"wp","href":"https:\/\/api.w.org\/{rel}","templated":true}]}}