{"id":2844,"date":"2025-05-05T23:48:49","date_gmt":"2025-05-05T21:48:49","guid":{"rendered":"https:\/\/new.bodegalaus.es\/fr\/?page_id=2844"},"modified":"2025-05-05T23:50:11","modified_gmt":"2025-05-05T21:50:11","slug":"bases-legales-de-la-campana-dia-de-la-madre-2022-en-instagram","status":"publish","type":"page","link":"https:\/\/www.bodegalaus.es\/fr\/bases-legales-de-la-campana-dia-de-la-madre-2022-en-instagram\/","title":{"rendered":"Bases legales de la campa\u00f1a \u2018D\u00eda de la madre\u2019 2022 en Instagram"},"content":{"rendered":"\t\t<div data-elementor-type=\"wp-page\" data-elementor-id=\"2844\" class=\"elementor elementor-2844\" data-elementor-post-type=\"page\">\n\t\t\t\t<div class=\"elementor-element elementor-element-c9123e e-flex e-con-boxed e-con e-parent\" data-id=\"c9123e\" data-element_type=\"container\" data-e-type=\"container\" data-settings=\"{&quot;background_background&quot;:&quot;classic&quot;}\">\n\t\t\t\t\t<div class=\"e-con-inner\">\n\t\t\t\t<div class=\"elementor-element elementor-element-024d968 elementor-widget elementor-widget-heading\" data-id=\"024d968\" data-element_type=\"widget\" data-e-type=\"widget\" data-widget_type=\"heading.default\">\n\t\t\t\t\t<h1 class=\"elementor-heading-title elementor-size-default\">Bases legales de la campa\u00f1a \u2018D\u00eda de la madre\u2019 2022 en Instagram<\/h1>\t\t\t\t<\/div>\n\t\t\t\t<div class=\"elementor-element elementor-element-3b5cb724 elementor-widget elementor-widget-text-editor\" data-id=\"3b5cb724\" data-element_type=\"widget\" data-e-type=\"widget\" data-widget_type=\"text-editor.default\">\n\t\t\t\t\t\t\t\t\t<h2>Identificaci\u00f3n de la empresa organizadora<\/h2><p>La empresa <span style=\"color: #2f2f2f;\">Bodega LAUS S.L<\/span>., en adelante Bodega LAUS, con domicilio fiscal <span style=\"color: #2f2f2f;\">en Ctra. N-240 Km 154,8, en Barbastro (CP 22300) con NIF 22257653<\/span>, ha organizado esta campa\u00f1a titulada \u201cD\u00eda de la madre\u201d en su cuenta oficial de Instagram.<\/p><h2>Fechas y \u00e1mbito geogr\u00e1fico<\/h2><p>La fecha de inicio del concurso ser\u00e1 el\u00a0<strong>21 de abril de 2022<\/strong>\u00a0desde el momento de la difusi\u00f3n del mismo y finalizar\u00e1 el d\u00eda\u00a0<strong>24 de abril de 2022<\/strong>\u00a0a las 23:59 h. \u00danicamente se podr\u00e1 participar en ese per\u00edodo de tiempo. No se aceptar\u00e1n candidaturas fuera de dicho plazo. Adem\u00e1s, los participantes deber\u00e1n residir en Espa\u00f1a, y concretamente en la Pen\u00ednsula, ya que los env\u00edos se restringen a este \u00e1mbito geogr\u00e1fico.<\/p><p>Bodega LAUS se reserva el derecho de aplazar o ampliar el per\u00edodo del concurso en caso de fuerza mayor, as\u00ed como la facultad de interpretar los presentes t\u00e9rminos y condiciones legales.<\/p><h2>\u00a0<\/h2><h2>Reglas y condiciones para participar<\/h2><p>Podr\u00e1n participar en la presente campa\u00f1a todas aquellas personas f\u00edsicas\u00a0<strong>mayores de 18 a\u00f1os<\/strong>\u00a0con residencia actual en la Pen\u00ednsula, usuarios de Instagram. No podr\u00e1n participar empleados de la empresa, perfiles fraudulentos, expertos en concursos, etc.<\/p><p>Para participar, el usuario deber\u00e1 en la publicaci\u00f3n realizada el 21 de abril en las Noticias del perfil oficial de Bodega LAUS en Instagram (<strong>@bodegalaus<\/strong>) con motivo del \u2018D\u00eda de la madre\u2019: darle like a la publicaci\u00f3n, mencionar al menos una persona en los comentarios y compartir en stories. Adem\u00e1s, podr\u00e1 seguir el perfil oficial de Bodega LAUS en Instagram.<\/p><p>Bodega LAUS se reserva el derecho de efectuar cambios en la campa\u00f1a durante su desarrollo, si se produjera alguna causa que impida llevarla a buen t\u00e9rmino o con el fin de mejorar su avance.<\/p><h2>\u00a0<\/h2><h2>Selecci\u00f3n del ganador<\/h2><p>El concurso premiar\u00e1 a\u00a0<strong>un participante<\/strong>. Los ganadores se decidir\u00e1n mediante sorteo aleatorio en SocialGest entre todos los participantes hasta el 24 de abril, a las 23:59 h. El ganador ser\u00e1 anunciado p\u00fablicamente en la cuenta oficial de Instagram de Bodega LAUS.<\/p><p>El fallo, que ser\u00e1 inapelable, se har\u00e1 p\u00fablico <strong>el 25 de abril de 2022<\/strong>. El ganador deber\u00e1 ponerse en contacto con la empresa organizadora a trav\u00e9s del email <b>bodega.laus@grupoenate.es<\/b>, facilitando los siguientes datos: Nombre, apellidos, DNI o Pasaporte, tel\u00e9fono, direcci\u00f3n de correo electr\u00f3nico y direcci\u00f3n postal. Si en el plazo de 2 d\u00edas el ganador s no se han puesto en contacto con la bodega, el premio quedar\u00e1 desierto.<\/p><p>La participaci\u00f3n en la campa\u00f1a \u2018D\u00eda de la madre\u2019 supone la plena aceptaci\u00f3n de estas Bases y la interpretaci\u00f3n que de las mismas pueda hacer la organizaci\u00f3n, reserv\u00e1ndose \u00e9sta el derecho a decidir sobre cualquier extremo no previsto en las mismas.<\/p><p>La resoluci\u00f3n de todas las cuestiones que puedan plantearse sobre el concurso es de exclusiva competencia de la organizaci\u00f3n.<\/p><p>Bodega LAUS queda eximida de cualquier responsabilidad en caso de existir alg\u00fan error en los datos facilitados por los ganadores que impida su identificaci\u00f3n.<\/p><h2>\u00a0<\/h2><h2>Valor y naturaleza del premio ofrecido<\/h2><p>El ganador del concurso recibir\u00e1\u00a0en exclusiva <strong>tres botellas (LAUS Chardonnay 2021, LAUS Rosado 2021 y LAUS Tinto Joven 2021) junto a una caja con una selecci\u00f3n de flores<\/strong>, como el que se puede ver en la publicaci\u00f3n de la campa\u00f1a.<\/p><h2>\u00a0<\/h2><h2>Penalizaciones en caso de uso fraudulento<\/h2><p>Se entender\u00e1 como fraude cualquier comportamiento detectado como aparentemente abusivo y\/o malintencionado.<\/p><p>Bodega LAUS se reserva el derecho de emprender acciones judiciales contra aquellas personas que realicen cualquier tipo de acto susceptible de ser considerado como manipulaci\u00f3n o falsificaci\u00f3n del concurso.<\/p><p>Bodega LAUS queda eximida de cualquier responsabilidad por da\u00f1os y perjuicios que puedan deberse a la falta temporal de disponibilidad o de continuidad del funcionamiento de la aplicaci\u00f3n mediante la que se participa en la promoci\u00f3n, a la defraudaci\u00f3n de la utilidad que los usuarios hubieren podido atribuir a la misma y al acceso a las distintas p\u00e1ginas y env\u00edos de respuestas de participaci\u00f3n a trav\u00e9s de Internet.<\/p><p>Este concurso no est\u00e1 vinculado a ninguna plataforma o red social. Instagram no patrocina, avala ni administra de modo alguno esta promoci\u00f3n, ni est\u00e1 asociado a ella. El participante est\u00e1 proporcionando su informaci\u00f3n y datos a Bodega LAUS no a Instagram<em>.<\/em><\/p><p><em>\u00a0<\/em><\/p><h2>Protecci\u00f3n de datos de car\u00e1cter personal<\/h2><p>Los datos suministrados por los participantes ser\u00e1n tratados de manera confidencial.<\/p><p>El responsable del tratamiento de los datos recogidos es Bodegas LAUS S.L. (Bodega LAUS) con domicilio social en Ctra. N-240 Km 154,8, en Barbastro (CP 22300, Huesca).<\/p><p>La legitimaci\u00f3n para el tratamiento de los datos recogidos se basa en la aceptaci\u00f3n del participante de las presentes Bases, y los datos son tratados en el contexto del concurso para dar una adecuada promoci\u00f3n y difusi\u00f3n al ganador, siendo por tanto necesario el mantenimiento de sus datos personales.<\/p><p>Los datos de los participantes podr\u00e1n aparecer publicados en la Web, en las redes sociales de Bodega LAUS y en distintos medios a trav\u00e9s de los que se dar\u00e1 publicidad al concurso.<\/p><p>Los datos de los participantes se conservar\u00e1n durante un plazo de un a\u00f1o desde la finalizaci\u00f3n del concurso.<\/p><p>Los datos del ganador se almacenar\u00e1n por Bodega LAUS con car\u00e1cter permanente a efectos de documentar el desarrollo y evoluci\u00f3n del concurso con fines hist\u00f3ricos.<\/p><p><strong>Sus derechos<\/strong><\/p><p>Los interesados de conformidad con lo dispuesto en la normativa vigente pueden ejercitar los siguientes derechos:<\/p><p>\u2013 Solicitar acceso a sus datos y obtener copia de los mismos.<\/p><p>\u2013 Pedir la rectificaci\u00f3n o supresi\u00f3n de dichos datos, en algunos casos.<\/p><p>\u2013 Oponerse a la elaboraci\u00f3n de perfiles personalizados.<\/p><p>\u2013 Solicitarnos limitar el tratamiento de sus datos.<\/p><p>\u2013 Pedir la portabilidad de aquellos datos que facilite.<\/p><p>Para ejercer estos derechos, los interesados podr\u00e1n utilizar los siguientes medios de contacto:<\/p><p>Correo postal: Bodega LAUS, <span style=\"color: #2f2f2f;\">Ctra. N-240 Km 154,8, en Barbastro (CP 22300, Huesca)<\/span><\/p><p>E-mail: <a href=\"mailto:bodega.laus@grupoenate.es\">bodega.laus@grupoenate.es<\/a><\/p><p>Indicando la referencia \u201cLOPD\u201d y debiendo, en cualquier caso, aportar, a tales efectos, copia de su D.N.I.<\/p><p>En todo caso, usted tiene derecho a presentar una reclamaci\u00f3n ante la Agencia Espa\u00f1ola de Protecci\u00f3n de Datos (<a href=\"http:\/\/www.agpd.es\/\">www.agpd.es<\/a>).<\/p><p>Igualmente, le informamos de que Bodega LAUS, de conformidad con los t\u00e9rminos y condiciones prevista en la Ley Org\u00e1nica de Protecci\u00f3n de Datos y Garant\u00eda de derechos digitales (LOPD) 3\/2018, de 5 de diciembre, y en su normativa de desarrollo, como responsable del fichero y de su tratamiento, ha elaborado su propia normativa de seguridad y velar\u00e1 por el mantenimiento del deber de secreto y el tratamiento confidencial de sus datos de car\u00e1cter personal.<\/p><p>Todas las cuestiones, relacionadas con la validez, interpretaci\u00f3n y cumplimiento de las presentes Bases Legales, o los derechos y obligaciones del participante y de las Entidades Organizadoras y\/o colaboradoras, quedar\u00e1n sometidos a la legislaci\u00f3n y tribunales espa\u00f1oles.<\/p><p>Igualmente, los participantes, con renuncia expresa a cualquier otro fuero, se someten al de los juzgados y tribunales del domicilio de las Entidades Organizadoras, para resolver cualquier controversia que pudiera derivarse del presente Premio y de las presentes Bases Legales.<\/p><p>M\u00e1s informaci\u00f3n: <a href=\"mailto:bodega.laus@grupoenate.es\">bodega.laus@grupoenate.es<\/a><\/p><h2>\u00a0<\/h2><h2>Aceptaci\u00f3n de las Bases Legales<\/h2><p>La participaci\u00f3n en el concurso implica la aceptaci\u00f3n de los presentes t\u00e9rminos y condiciones legales. Cualquier manifestaci\u00f3n de no aceptaci\u00f3n de la totalidad o parte de las bases legales implicar\u00e1 la exclusi\u00f3n del participante y, como consecuencia de ello, Bodega LAUS quedar\u00e1 liberada del cumplimiento de la obligaci\u00f3n contra\u00edda con este participante.<\/p>\t\t\t\t\t\t\t\t<\/div>\n\t\t\t\t\t<\/div>\n\t\t\t\t<\/div>\n\t\t\t\t<\/div>\n\t\t","protected":false},"excerpt":{"rendered":"<p>Identificaci\u00f3n de la empresa organizadora La empresa Bodega LAUS S.L., en adelante Bodega LAUS, con domicilio fiscal en Ctra. N-240 Km 154,8, en Barbastro (CP 22300) con NIF 22257653, ha organizado esta campa\u00f1a titulada \u201cD\u00eda de la madre\u201d en su cuenta oficial de Instagram. Fechas y \u00e1mbito geogr\u00e1fico La fecha de inicio del concurso ser\u00e1 [&hellip;]<\/p>\n","protected":false},"author":1,"featured_media":0,"parent":0,"menu_order":0,"comment_status":"closed","ping_status":"closed","template":"elementor_header_footer","meta":{"footnotes":""},"tags":[],"class_list":["post-2844","page","type-page","status-publish","hentry"],"yoast_head":"<!-- This site is optimized with the Yoast SEO plugin v27.4 - https:\/\/yoast.com\/product\/yoast-seo-wordpress\/ -->\n<title>Bases legales de la campa\u00f1a \u2018D\u00eda de la madre\u2019 2022 en Instagram - fr<\/title>\n<meta name=\"robots\" content=\"index, follow, max-snippet:-1, max-image-preview:large, max-video-preview:-1\" \/>\n<link rel=\"canonical\" href=\"https:\/\/www.bodegalaus.es\/fr\/bases-legales-de-la-campana-dia-de-la-madre-2022-en-instagram\/\" \/>\n<meta property=\"og:locale\" content=\"es_ES\" \/>\n<meta property=\"og:type\" content=\"article\" \/>\n<meta property=\"og:title\" content=\"Bases legales de la campa\u00f1a \u2018D\u00eda de la madre\u2019 2022 en Instagram - fr\" \/>\n<meta property=\"og:description\" content=\"Identificaci\u00f3n de la empresa organizadora La empresa Bodega LAUS S.L., en adelante Bodega LAUS, con domicilio fiscal en Ctra. N-240 Km 154,8, en Barbastro (CP 22300) con NIF 22257653, ha organizado esta campa\u00f1a titulada \u201cD\u00eda de la madre\u201d en su cuenta oficial de Instagram. Fechas y \u00e1mbito geogr\u00e1fico La fecha de inicio del concurso ser\u00e1 [&hellip;]\" \/>\n<meta property=\"og:url\" content=\"https:\/\/www.bodegalaus.es\/fr\/bases-legales-de-la-campana-dia-de-la-madre-2022-en-instagram\/\" \/>\n<meta property=\"og:site_name\" content=\"fr\" \/>\n<meta property=\"article:modified_time\" content=\"2025-05-05T21:50:11+00:00\" \/>\n<meta name=\"twitter:card\" content=\"summary_large_image\" \/>\n<meta name=\"twitter:label1\" content=\"Tiempo de lectura\" \/>\n\t<meta name=\"twitter:data1\" content=\"6 minutos\" \/>\n<script type=\"application\/ld+json\" class=\"yoast-schema-graph\">{\"@context\":\"https:\\\/\\\/schema.org\",\"@graph\":[{\"@type\":\"WebPage\",\"@id\":\"https:\\\/\\\/www.bodegalaus.es\\\/fr\\\/bases-legales-de-la-campana-dia-de-la-madre-2022-en-instagram\\\/\",\"url\":\"https:\\\/\\\/www.bodegalaus.es\\\/fr\\\/bases-legales-de-la-campana-dia-de-la-madre-2022-en-instagram\\\/\",\"name\":\"Bases legales de la campa\u00f1a \u2018D\u00eda de la madre\u2019 2022 en Instagram - fr\",\"isPartOf\":{\"@id\":\"https:\\\/\\\/www.bodegalaus.es\\\/fr\\\/#website\"},\"datePublished\":\"2025-05-05T21:48:49+00:00\",\"dateModified\":\"2025-05-05T21:50:11+00:00\",\"breadcrumb\":{\"@id\":\"https:\\\/\\\/www.bodegalaus.es\\\/fr\\\/bases-legales-de-la-campana-dia-de-la-madre-2022-en-instagram\\\/#breadcrumb\"},\"inLanguage\":\"es\",\"potentialAction\":[{\"@type\":\"ReadAction\",\"target\":[\"https:\\\/\\\/www.bodegalaus.es\\\/fr\\\/bases-legales-de-la-campana-dia-de-la-madre-2022-en-instagram\\\/\"]}]},{\"@type\":\"BreadcrumbList\",\"@id\":\"https:\\\/\\\/www.bodegalaus.es\\\/fr\\\/bases-legales-de-la-campana-dia-de-la-madre-2022-en-instagram\\\/#breadcrumb\",\"itemListElement\":[{\"@type\":\"ListItem\",\"position\":1,\"name\":\"Portada\",\"item\":\"https:\\\/\\\/www.bodegalaus.es\\\/fr\\\/\"},{\"@type\":\"ListItem\",\"position\":2,\"name\":\"Bases legales de la campa\u00f1a \u2018D\u00eda de la madre\u2019 2022 en Instagram\"}]},{\"@type\":\"WebSite\",\"@id\":\"https:\\\/\\\/www.bodegalaus.es\\\/fr\\\/#website\",\"url\":\"https:\\\/\\\/www.bodegalaus.es\\\/fr\\\/\",\"name\":\"fr\",\"description\":\"\",\"potentialAction\":[{\"@type\":\"SearchAction\",\"target\":{\"@type\":\"EntryPoint\",\"urlTemplate\":\"https:\\\/\\\/www.bodegalaus.es\\\/fr\\\/?s={search_term_string}\"},\"query-input\":{\"@type\":\"PropertyValueSpecification\",\"valueRequired\":true,\"valueName\":\"search_term_string\"}}],\"inLanguage\":\"es\"}]}<\/script>\n<!-- \/ Yoast SEO plugin. -->","yoast_head_json":{"title":"Bases legales de la campa\u00f1a \u2018D\u00eda de la madre\u2019 2022 en Instagram - fr","robots":{"index":"index","follow":"follow","max-snippet":"max-snippet:-1","max-image-preview":"max-image-preview:large","max-video-preview":"max-video-preview:-1"},"canonical":"https:\/\/www.bodegalaus.es\/fr\/bases-legales-de-la-campana-dia-de-la-madre-2022-en-instagram\/","og_locale":"es_ES","og_type":"article","og_title":"Bases legales de la campa\u00f1a \u2018D\u00eda de la madre\u2019 2022 en Instagram - fr","og_description":"Identificaci\u00f3n de la empresa organizadora La empresa Bodega LAUS S.L., en adelante Bodega LAUS, con domicilio fiscal en Ctra. N-240 Km 154,8, en Barbastro (CP 22300) con NIF 22257653, ha organizado esta campa\u00f1a titulada \u201cD\u00eda de la madre\u201d en su cuenta oficial de Instagram. Fechas y \u00e1mbito geogr\u00e1fico La fecha de inicio del concurso ser\u00e1 [&hellip;]","og_url":"https:\/\/www.bodegalaus.es\/fr\/bases-legales-de-la-campana-dia-de-la-madre-2022-en-instagram\/","og_site_name":"fr","article_modified_time":"2025-05-05T21:50:11+00:00","twitter_card":"summary_large_image","twitter_misc":{"Tiempo de lectura":"6 minutos"},"schema":{"@context":"https:\/\/schema.org","@graph":[{"@type":"WebPage","@id":"https:\/\/www.bodegalaus.es\/fr\/bases-legales-de-la-campana-dia-de-la-madre-2022-en-instagram\/","url":"https:\/\/www.bodegalaus.es\/fr\/bases-legales-de-la-campana-dia-de-la-madre-2022-en-instagram\/","name":"Bases legales de la campa\u00f1a \u2018D\u00eda de la madre\u2019 2022 en Instagram - fr","isPartOf":{"@id":"https:\/\/www.bodegalaus.es\/fr\/#website"},"datePublished":"2025-05-05T21:48:49+00:00","dateModified":"2025-05-05T21:50:11+00:00","breadcrumb":{"@id":"https:\/\/www.bodegalaus.es\/fr\/bases-legales-de-la-campana-dia-de-la-madre-2022-en-instagram\/#breadcrumb"},"inLanguage":"es","potentialAction":[{"@type":"ReadAction","target":["https:\/\/www.bodegalaus.es\/fr\/bases-legales-de-la-campana-dia-de-la-madre-2022-en-instagram\/"]}]},{"@type":"BreadcrumbList","@id":"https:\/\/www.bodegalaus.es\/fr\/bases-legales-de-la-campana-dia-de-la-madre-2022-en-instagram\/#breadcrumb","itemListElement":[{"@type":"ListItem","position":1,"name":"Portada","item":"https:\/\/www.bodegalaus.es\/fr\/"},{"@type":"ListItem","position":2,"name":"Bases legales de la campa\u00f1a \u2018D\u00eda de la madre\u2019 2022 en Instagram"}]},{"@type":"WebSite","@id":"https:\/\/www.bodegalaus.es\/fr\/#website","url":"https:\/\/www.bodegalaus.es\/fr\/","name":"fr","description":"","potentialAction":[{"@type":"SearchAction","target":{"@type":"EntryPoint","urlTemplate":"https:\/\/www.bodegalaus.es\/fr\/?s={search_term_string}"},"query-input":{"@type":"PropertyValueSpecification","valueRequired":true,"valueName":"search_term_string"}}],"inLanguage":"es"}]}},"_links":{"self":[{"href":"https:\/\/www.bodegalaus.es\/fr\/wp-json\/wp\/v2\/pages\/2844","targetHints":{"allow":["GET"]}}],"collection":[{"href":"https:\/\/www.bodegalaus.es\/fr\/wp-json\/wp\/v2\/pages"}],"about":[{"href":"https:\/\/www.bodegalaus.es\/fr\/wp-json\/wp\/v2\/types\/page"}],"author":[{"embeddable":true,"href":"https:\/\/www.bodegalaus.es\/fr\/wp-json\/wp\/v2\/users\/1"}],"replies":[{"embeddable":true,"href":"https:\/\/www.bodegalaus.es\/fr\/wp-json\/wp\/v2\/comments?post=2844"}],"version-history":[{"count":4,"href":"https:\/\/www.bodegalaus.es\/fr\/wp-json\/wp\/v2\/pages\/2844\/revisions"}],"predecessor-version":[{"id":2848,"href":"https:\/\/www.bodegalaus.es\/fr\/wp-json\/wp\/v2\/pages\/2844\/revisions\/2848"}],"wp:attachment":[{"href":"https:\/\/www.bodegalaus.es\/fr\/wp-json\/wp\/v2\/media?parent=2844"}],"wp:term":[{"taxonomy":"post_tag","embeddable":true,"href":"https:\/\/www.bodegalaus.es\/fr\/wp-json\/wp\/v2\/tags?post=2844"}],"curies":[{"name":"wp","href":"https:\/\/api.w.org\/{rel}","templated":true}]}}